{"id":1276,"date":"2024-10-20T15:12:53","date_gmt":"2024-10-20T15:12:53","guid":{"rendered":"https:\/\/sportsunlimited.sg\/?page_id=1276"},"modified":"2025-09-02T06:00:36","modified_gmt":"2025-09-02T06:00:36","slug":"videos","status":"publish","type":"page","link":"https:\/\/sportsunlimited.sg\/zh\/videos\/","title":{"rendered":"Videos"},"content":{"rendered":"\n<p class=\"has-text-align-center\">Some examples of our <strong>+200 Stunt Productions<\/strong>. Just klick the link to view the full reel!<\/p>\n\n\n\n<figure class=\"wp-block-embed is-type-video is-provider-youtube wp-block-embed-youtube wp-embed-aspect-16-9 wp-has-aspect-ratio\"><div class=\"wp-block-embed__wrapper\">\n<iframe loading=\"lazy\" title=\"300 Meter \u00fcber dem Boden: Nervenkitzel \u00fcber den D\u00e4chern von Bangkok\" width=\"688\" height=\"387\" src=\"https:\/\/www.youtube.com\/embed\/15y01FZfWag?feature=oembed\" frameborder=\"0\" allow=\"accelerometer; autoplay; clipboard-write; encrypted-media; gyroscope; picture-in-picture; web-share\" referrerpolicy=\"strict-origin-when-cross-origin\" allowfullscreen><\/iframe>\n<\/div><\/figure>\n\n\n\n<p>Galileo&nbsp;&nbsp;&nbsp;&nbsp;Pro7&nbsp;&nbsp;&nbsp;&nbsp;iTILT&nbsp;&nbsp;&nbsp;&nbsp;&nbsp;&nbsp;&nbsp;&nbsp;&nbsp;&nbsp;&nbsp;Bangkok<\/p>\n\n\n\n<figure class=\"wp-block-embed is-type-video is-provider-youtube wp-block-embed-youtube wp-embed-aspect-16-9 wp-has-aspect-ratio\"><div class=\"wp-block-embed__wrapper\">\n<iframe loading=\"lazy\" title=\"Sports Unlimited Event &amp; Stunt\" width=\"688\" height=\"387\" src=\"https:\/\/www.youtube.com\/embed\/s57M2fvmVDE?feature=oembed\" frameborder=\"0\" allow=\"accelerometer; autoplay; clipboard-write; encrypted-media; gyroscope; picture-in-picture; web-share\" referrerpolicy=\"strict-origin-when-cross-origin\" allowfullscreen><\/iframe>\n<\/div><\/figure>\n\n\n\n<p class=\"has-text-align-center\">Duell um die Welt&nbsp;&nbsp;&nbsp;&nbsp;&nbsp;&nbsp;Pro7&nbsp;&nbsp;&nbsp;&nbsp;HeliBodyFlying&nbsp;&nbsp;&nbsp;&nbsp;&nbsp;&nbsp;&nbsp;&nbsp;&nbsp;&nbsp;&nbsp;Capetown\/S.A.<\/p>\n\n\n\n<figure class=\"wp-block-embed aligncenter is-type-video is-provider-youtube wp-block-embed-youtube wp-embed-aspect-16-9 wp-has-aspect-ratio\"><div class=\"wp-block-embed__wrapper\">\n<iframe loading=\"lazy\" title=\"S\u00fcdafrika: Superman-Joko h\u00e4ngt am Helikopter! | Duell um die Welt Classics | ProSieben\" width=\"688\" height=\"387\" src=\"https:\/\/www.youtube.com\/embed\/CBdguTRLilE?feature=oembed\" frameborder=\"0\" allow=\"accelerometer; autoplay; clipboard-write; encrypted-media; gyroscope; picture-in-picture; web-share\" referrerpolicy=\"strict-origin-when-cross-origin\" allowfullscreen><\/iframe>\n<\/div><\/figure>\n\n\n\n<p class=\"has-text-align-center\">Mein bester Feind&nbsp;&nbsp;&nbsp;&nbsp;&nbsp;&nbsp;Pro7&nbsp;&nbsp;&nbsp;&nbsp;Climbing&nbsp;&nbsp;&nbsp;&nbsp;&nbsp;&nbsp;&nbsp;&nbsp;&nbsp;&nbsp;&nbsp;&nbsp;&nbsp;&nbsp;&nbsp;&nbsp;&nbsp;&nbsp;&nbsp;&nbsp;&nbsp;Berlin\/Germany<\/p>\n\n\n\n<figure class=\"wp-block-embed aligncenter is-type-video is-provider-youtube wp-block-embed-youtube wp-embed-aspect-16-9 wp-has-aspect-ratio\"><div class=\"wp-block-embed__wrapper\">\n<iframe loading=\"lazy\" title=\"King Kong am Funkturm | Mein bester Feind | Folge 4 | ProSieben\" width=\"688\" height=\"387\" src=\"https:\/\/www.youtube.com\/embed\/K6JuoT5DaDA?feature=oembed\" frameborder=\"0\" allow=\"accelerometer; autoplay; clipboard-write; encrypted-media; gyroscope; picture-in-picture; web-share\" referrerpolicy=\"strict-origin-when-cross-origin\" allowfullscreen><\/iframe>\n<\/div><\/figure>\n\n\n\n<p class=\"has-text-align-center\">Mein bester Feind&nbsp;&nbsp;&nbsp;&nbsp;&nbsp;&nbsp;Pro7&nbsp;&nbsp;&nbsp;&nbsp;CarBungy&nbsp;&nbsp;&nbsp;&nbsp;&nbsp;&nbsp;&nbsp;&nbsp;&nbsp;&nbsp;&nbsp;&nbsp;&nbsp;&nbsp;&nbsp;&nbsp;&nbsp;&nbsp;&nbsp;&nbsp;Ingolstadt\/Germany<\/p>\n\n\n\n<figure class=\"wp-block-embed aligncenter is-type-video is-provider-youtube wp-block-embed-youtube wp-embed-aspect-16-9 wp-has-aspect-ratio\"><div class=\"wp-block-embed__wrapper\">\n<iframe loading=\"lazy\" title=\"Auto Bungee Jumping (Teil 2) | MBF | ProSieben\" width=\"688\" height=\"387\" src=\"https:\/\/www.youtube.com\/embed\/AjRDm-Cg1mI?feature=oembed\" frameborder=\"0\" allow=\"accelerometer; autoplay; clipboard-write; encrypted-media; gyroscope; picture-in-picture; web-share\" referrerpolicy=\"strict-origin-when-cross-origin\" allowfullscreen><\/iframe>\n<\/div><\/figure>\n\n\n\n<p class=\"has-text-align-center\">Mein bester Feind&nbsp;&nbsp;&nbsp;&nbsp;&nbsp;&nbsp;Pro7&nbsp;&nbsp;&nbsp;&nbsp;&nbsp;Upside down 110m&nbsp;&nbsp;&nbsp;&nbsp;Vienna\/Austria<\/p>\n\n\n\n<figure class=\"wp-block-embed aligncenter is-type-video is-provider-youtube wp-block-embed-youtube wp-embed-aspect-16-9 wp-has-aspect-ratio\"><div class=\"wp-block-embed__wrapper\">\n<iframe loading=\"lazy\" title=\"Einfach mal abh\u00e4ngen | MBF | ProSieben\" width=\"688\" height=\"387\" src=\"https:\/\/www.youtube.com\/embed\/Z4WoajvRTj8?feature=oembed\" frameborder=\"0\" allow=\"accelerometer; autoplay; clipboard-write; encrypted-media; gyroscope; picture-in-picture; web-share\" referrerpolicy=\"strict-origin-when-cross-origin\" allowfullscreen><\/iframe>\n<\/div><\/figure>\n\n\n\n<p class=\"has-text-align-center\">Circus Halligalli&nbsp;&nbsp;&nbsp;&nbsp;&nbsp;&nbsp;&nbsp;&nbsp;&nbsp;&nbsp;Pro7&nbsp;&nbsp;&nbsp;&nbsp;&nbsp;Cablecar Jump&nbsp;&nbsp;&nbsp;&nbsp;&nbsp;&nbsp;&nbsp;&nbsp;&nbsp;&nbsp;&nbsp;&nbsp;Serfauss\/Switzerland&nbsp;<\/p>\n\n\n\n<figure class=\"wp-block-embed aligncenter is-type-video is-provider-youtube wp-block-embed-youtube wp-embed-aspect-16-9 wp-has-aspect-ratio\"><div class=\"wp-block-embed__wrapper\">\n<iframe loading=\"lazy\" title=\"Was ist der krasseste Stunt? - Mein bester Feind | 2\/2 | Circus Halligalli Classics | ProSieben\" width=\"688\" height=\"387\" src=\"https:\/\/www.youtube.com\/embed\/lMWUgCKpf3Q?feature=oembed\" frameborder=\"0\" allow=\"accelerometer; autoplay; clipboard-write; encrypted-media; gyroscope; picture-in-picture; web-share\" referrerpolicy=\"strict-origin-when-cross-origin\" allowfullscreen><\/iframe>\n<\/div><\/figure>\n\n\n\n<p>Mein bester Feind&nbsp;&nbsp;&nbsp;&nbsp;&nbsp;&nbsp;Pro7&nbsp;&nbsp;&nbsp;&nbsp;&nbsp;Helicopter Climb&nbsp;&nbsp;&nbsp;&nbsp;&nbsp;&nbsp;&nbsp;&nbsp;Munich\/Germany<\/p>\n\n\n\n<figure class=\"wp-block-embed aligncenter is-type-video is-provider-youtube wp-block-embed-youtube wp-embed-aspect-16-9 wp-has-aspect-ratio\"><div class=\"wp-block-embed__wrapper\">\n<iframe loading=\"lazy\" title=\"Neulich auf der Zugspitze: &quot;Ich kann nicht schaukeln..!&quot; (Teil 2) | MBF | ProSieben\" width=\"688\" height=\"387\" src=\"https:\/\/www.youtube.com\/embed\/iRFVknKe1Dg?feature=oembed\" frameborder=\"0\" allow=\"accelerometer; autoplay; clipboard-write; encrypted-media; gyroscope; picture-in-picture; web-share\" referrerpolicy=\"strict-origin-when-cross-origin\" allowfullscreen><\/iframe>\n<\/div><\/figure>\n\n\n\n<p class=\"has-text-align-center\">Mein bester Feind&nbsp;&nbsp;&nbsp;&nbsp;&nbsp;&nbsp;Pro7&nbsp;&nbsp;&nbsp;&nbsp;&nbsp;Swing 1.000m&nbsp;&nbsp;&nbsp;&nbsp;&nbsp;&nbsp;&nbsp;&nbsp;&nbsp;&nbsp;&nbsp;&nbsp;&nbsp;Zugspitze\/German Alps<\/p>\n\n\n\n<figure class=\"wp-block-embed aligncenter is-type-video is-provider-youtube wp-block-embed-youtube wp-embed-aspect-16-9 wp-has-aspect-ratio\"><div class=\"wp-block-embed__wrapper\">\n<iframe loading=\"lazy\" title=\"Mein bester Feind #1: Helicopter-Bungee | Circus HalliGalli\" width=\"688\" height=\"387\" src=\"https:\/\/www.youtube.com\/embed\/HVeRxkun5-8?feature=oembed\" frameborder=\"0\" allow=\"accelerometer; autoplay; clipboard-write; encrypted-media; gyroscope; picture-in-picture; web-share\" referrerpolicy=\"strict-origin-when-cross-origin\" allowfullscreen><\/iframe>\n<\/div><\/figure>\n\n\n\n<p class=\"has-text-align-center\">Mein bester Feind&nbsp;&nbsp;&nbsp;&nbsp;&nbsp;&nbsp;Pro7 400m Helibungy&nbsp;&nbsp;&nbsp;&nbsp;&nbsp;&nbsp;&nbsp;&nbsp;&nbsp;&nbsp;&nbsp;&nbsp;Nuremberg\/Germany<\/p>\n\n\n\n<figure class=\"wp-block-embed aligncenter is-type-video is-provider-youtube wp-block-embed-youtube wp-embed-aspect-4-3 wp-has-aspect-ratio\"><div class=\"wp-block-embed__wrapper\">\n<iframe loading=\"lazy\" title=\"Base Dive Extreme Firestunt by Stefan Roos from Sports Unlimited\" width=\"688\" height=\"516\" src=\"https:\/\/www.youtube.com\/embed\/a9XCLWPWix8?feature=oembed\" frameborder=\"0\" allow=\"accelerometer; autoplay; clipboard-write; encrypted-media; gyroscope; picture-in-picture; web-share\" referrerpolicy=\"strict-origin-when-cross-origin\" allowfullscreen><\/iframe>\n<\/div><\/figure>\n\n\n\n<p class=\"has-text-align-center\">Live Show&nbsp;&nbsp;&nbsp;&nbsp;&nbsp;&nbsp;&nbsp;&nbsp;&nbsp;&nbsp;&nbsp;&nbsp;&nbsp;&nbsp;&nbsp;&nbsp;&nbsp;&nbsp;&nbsp;Fire Basedive Stunt&nbsp;&nbsp;&nbsp;&nbsp;&nbsp;&nbsp;&nbsp;&nbsp;&nbsp;&nbsp;&nbsp;&nbsp;&nbsp;&nbsp;&nbsp;&nbsp;Kiel\/Germany<\/p>\n\n\n\n<figure class=\"wp-block-embed aligncenter is-type-video is-provider-youtube wp-block-embed-youtube wp-embed-aspect-4-3 wp-has-aspect-ratio\"><div class=\"wp-block-embed__wrapper\">\n<iframe loading=\"lazy\" title=\"Hutch Cant Jump\" width=\"688\" height=\"516\" src=\"https:\/\/www.youtube.com\/embed\/Pm_3fkqa4mk?feature=oembed\" frameborder=\"0\" allow=\"accelerometer; autoplay; clipboard-write; encrypted-media; gyroscope; picture-in-picture; web-share\" referrerpolicy=\"strict-origin-when-cross-origin\" allowfullscreen><\/iframe>\n<\/div><\/figure>\n\n\n\n<p class=\"has-text-align-center\">-UK-&nbsp;&nbsp;Don`t try this at home&nbsp;&nbsp;500m Helibungy&nbsp;&nbsp;&nbsp;&nbsp;&nbsp;&nbsp;&nbsp;&nbsp;&nbsp;&nbsp;USA\/Grand Canyon<\/p>\n","protected":false},"excerpt":{"rendered":"<p>Some examples of our&hellip;<\/p>\n","protected":false},"author":1,"featured_media":0,"parent":0,"menu_order":0,"comment_status":"closed","ping_status":"closed","template":"","meta":{"ngg_post_thumbnail":0,"_kadence_starter_templates_imported_post":false,"_vp_format_video_url":"","_vp_image_focal_point":[],"footnotes":""},"class_list":["post-1276","page","type-page","status-publish","hentry"],"translation":{"provider":"WPGlobus","version":"3.0.2","language":"zh","enabled_languages":["en","de","zh","ja"],"languages":{"en":{"title":true,"content":true,"excerpt":false},"de":{"title":true,"content":true,"excerpt":false},"zh":{"title":false,"content":false,"excerpt":false},"ja":{"title":false,"content":false,"excerpt":false}}},"_links":{"self":[{"href":"https:\/\/sportsunlimited.sg\/zh\/wp-json\/wp\/v2\/pages\/1276","targetHints":{"allow":["GET"]}}],"collection":[{"href":"https:\/\/sportsunlimited.sg\/zh\/wp-json\/wp\/v2\/pages"}],"about":[{"href":"https:\/\/sportsunlimited.sg\/zh\/wp-json\/wp\/v2\/types\/page"}],"author":[{"embeddable":true,"href":"https:\/\/sportsunlimited.sg\/zh\/wp-json\/wp\/v2\/users\/1"}],"replies":[{"embeddable":true,"href":"https:\/\/sportsunlimited.sg\/zh\/wp-json\/wp\/v2\/comments?post=1276"}],"version-history":[{"count":18,"href":"https:\/\/sportsunlimited.sg\/zh\/wp-json\/wp\/v2\/pages\/1276\/revisions"}],"predecessor-version":[{"id":2841,"href":"https:\/\/sportsunlimited.sg\/zh\/wp-json\/wp\/v2\/pages\/1276\/revisions\/2841"}],"wp:attachment":[{"href":"https:\/\/sportsunlimited.sg\/zh\/wp-json\/wp\/v2\/media?parent=1276"}],"curies":[{"name":"wp","href":"https:\/\/api.w.org\/{rel}","templated":true}]}}