{"id":46,"date":"2019-09-10T06:25:16","date_gmt":"2019-09-10T06:25:16","guid":{"rendered":"https:\/\/sportsunlimited.sg\/?page_id=46"},"modified":"2025-12-27T16:38:51","modified_gmt":"2025-12-27T16:38:51","slug":"about-us-2","status":"publish","type":"page","link":"https:\/\/sportsunlimited.sg\/de\/","title":{"rendered":"\u00dcber uns"},"content":{"rendered":"<p style=\"text-align: center;\">Alles begann 1991 mit der Gr\u00fcndung der Sports Unlimited GmbH in Ingolstadt, Deutschland. Seitdem haben wir unz\u00e4hlige spektakul\u00e4re Aktivit\u00e4ten und Events in der ganzen Welt produziert. Action-\/Eventmarketing und kreative PR Konzepte geh\u00f6ren zu unseren Hauptaufgaben. Mit unseren heutigen Partnern stellen wir eine innovative und kompetente Gemeinschaft dar, die sich auf den Bereich Adventuresport und Tourismus spezialisiert hat. Wir entwickeln ma\u00dfgefertigte L\u00f6sungen und Konzepte f\u00fcr:<\/p>\n\n<h5 style=\"text-align: center;\">Hochh\u00e4user \u2013 T\u00fcrme \u2013 Br\u00fccken \u2013 Kreuzfahrtschiffe&nbsp;<\/h5>\n<!-- \/wp:post-content -->\n\n<!-- wp:separator -->\n\n<hr class=\"wp-block-separator\">\n\n<!-- \/wp:separator -->\n\n<!-- wp:gallery {\"ids\":[365]} -->\n<figure><img loading=\"lazy\" decoding=\"async\" width=\"1024\" height=\"594\" class=\"wp-image-365 aligncenter\" src=\"https:\/\/sportsunlimited.sg\/wp-content\/uploads\/2019\/09\/1-SU-Singapore-1024x594.jpg\" alt=\"\" data-id=\"365\" data-link=\"https:\/\/sportsunlimited.sg\/about-us-2\/1-su-singapore\/\" srcset=\"https:\/\/sportsunlimited.sg\/wp-content\/uploads\/2019\/09\/1-SU-Singapore-1024x594.jpg 1024w, https:\/\/sportsunlimited.sg\/wp-content\/uploads\/2019\/09\/1-SU-Singapore-300x174.jpg 300w, https:\/\/sportsunlimited.sg\/wp-content\/uploads\/2019\/09\/1-SU-Singapore-768x446.jpg 768w, https:\/\/sportsunlimited.sg\/wp-content\/uploads\/2019\/09\/1-SU-Singapore-1600x929.jpg 1600w\" sizes=\"auto, (max-width: 1024px) 100vw, 1024px\" \/><\/figure>\n<!-- \/wp:gallery -->\n\n<!-- wp:separator -->\n\n<hr class=\"wp-block-separator\">\n\n<!-- \/wp:separator -->\n\n<!-- wp:heading {\"level\":3,\"align\":\"center\"} -->\n<h3 style=\"text-align: center;\">SICHERHEIT IST UNSER H\u00d6CHSTES GEBOT<\/h3>\n<!-- \/wp:heading -->\n\n<!-- wp:paragraph {\"align\":\"center\"} -->\n<p style=\"text-align: center;\">Von jeher ist Sicherheit unser h\u00f6chstes Gebot. Unsere Attraktionen und Systeme werden st\u00e4ndig weiterentwickelt und verbessert. Zum Einsatz kommen ausschlie\u00dflich bew\u00e4hrte Sicherheit-Komponenten. Unser erfahrenes Team sind Experten f\u00fcr Risikomanagement und dem Konzipieren von Attraktionen.&nbsp;<\/p>\n<!-- \/wp:paragraph -->\n\n<!-- wp:heading {\"level\":4,\"align\":\"center\"} -->\n<h4 style=\"text-align: center;\">UNSERE GESCHICHTE<\/h4>\n<!-- \/wp:heading -->\n\n<!-- wp:list -->\n<ul>\n \t<li style=\"text-align: left;\"><strong>1992:<\/strong> Wir starteten als eines der ersten Bungy Jumping Unternehmen in Deutschland.<\/li>\n<\/ul>\n<!-- \/wp:list -->\n\n<!-- wp:paragraph {\"align\":\"center\"} -->\n<ul>\n \t<li><strong>1995<\/strong>: Mit einem deutschen Partner entwickelten wir die weltweit erste und h\u00f6chste mobile T\u00dcV-gepr\u00fcfte Pendelfluganlage (GIANT SWING).&nbsp;<\/li>\n \t<li><strong>1999<\/strong>: Entwicklung und Betreiber der weltweit ersten HeliBodyFlying Anlage (Fliegen unter einem Hubschrauber).<\/li>\n \t<li><strong>1999<\/strong>: Erster Helikopter Bungy Sprung in den Grand Canyon\/USA.<\/li>\n \t<li><strong>1999<\/strong>: Inbetriebnahme der ersten T\u00dcV-gepr\u00fcften Katapultanlage in Deutschland (150.000 Teilnehmer).<\/li>\n \t<li><strong>2001<\/strong>: Entwicklung und Inbetriebnahme der ersten T\u00dcV-gepr\u00fcften Aussichtsgondel \u201eSkycage\u201c, im Auftrag der deutschen Telekom, f\u00fcr eine 2-j\u00e4hrige PR-Tour durch Deutschland (100.000 Teilnehmer).<\/li>\n \t<li><strong>2004<\/strong>: Vertical Skywalk Welttour (Fashion Show an Hochhausfassaden) <strong>bis 2007<\/strong><\/li>\n \t<li><strong>2005<\/strong>: Premiere der <strong>1. Jetboat Station in den U.A.E<\/strong> (Dubai)<\/li>\n \t<li><strong>2015<\/strong>: \u201eAuto-Bungy\u201c im Auftrag von ProSieben \u2013 Ein 1.100 kg schwerer Nissan f\u00e4llt von einem 60 m hohem Kran, befestigt an Bungyseilen. Eine Person sitzt dabei auf dem Fahrersitz.&nbsp;<\/li>\n<\/ul>\n<!-- \/wp:paragraph -->\n\n<!-- wp:separator -->\n\n<hr class=\"wp-block-separator\">\n\n<!-- \/wp:separator -->\n\n<!-- wp:paragraph {\"align\":\"center\"} -->\n<p style=\"text-align: center;\"><b><i>100% Safety Record. 1 Guiness World Record (Bungy) und 3 Abseil Weltrekorde.<\/i><\/b><\/p>\n<!-- \/wp:paragraph -->\n\n<!-- wp:separator -->\n<p style=\"text-align: center;\"><!-- \/wp:separator --><\/p>\n<!-- wp:separator -->\n\n<hr class=\"wp-block-separator\">\n\n<!-- \/wp:separator -->\n\n<!-- wp:paragraph {\"align\":\"center\"} -->\n<p style=\"text-align: center;\">Weltklasse Shows \u2013 Perfekt f\u00fcr Produktpr\u00e4sentationen, TV-Shows, Nationalfeiertage oder Er\u00f6ffnungsveranstaltungen. Diese \u201eMade-in-Germany\u201c Produktionen werden von einzigartigen Hightech computergesteuerten Winden unterst\u00fctzt und von herausragenden Artisten durchgef\u00fchrt. Unsere Partner Michael Teichmann und Claus von Oertzen, sind die technischen und gestalterischen \u201eK\u00f6pfe\u201c der Shows.&nbsp;<\/p>\n<!-- \/wp:paragraph -->\n\n<!-- wp:separator -->\n\n<hr class=\"wp-block-separator\">\n\n<!-- \/wp:separator -->\n\n<!-- wp:heading {\"level\":5,\"align\":\"center\"} -->\n<h5 style=\"text-align: center;\"><i>Unser Team entwickelte und f\u00fchrte mehr als 100 Stuntproduktionen selbst durch. Insgesamt&nbsp;begleiteten wir mehr als 250 Stuntproduktionen f\u00fcr internationale TV-Formate in mehr als 28 L\u00e4ndern.&nbsp;<\/i><\/h5>\n<!-- \/wp:heading -->\n\n<!-- wp:separator -->\n<h5 style=\"text-align: center;\">&nbsp;<\/h5>\n<!-- \/wp:separator -->\n\n<!-- wp:paragraph {\"align\":\"center\"} -->\n\n&nbsp;","protected":false},"excerpt":{"rendered":"<p>Alles begann 1991 mit der Gr\u00fcndung der Sports Unlimited GmbH in Ingolstadt, Deutschland. Seitdem haben wir unz\u00e4hlige spektakul\u00e4re Aktivit\u00e4ten und&hellip;<\/p>\n","protected":false},"author":1,"featured_media":0,"parent":0,"menu_order":0,"comment_status":"closed","ping_status":"closed","template":"","meta":{"ngg_post_thumbnail":0,"_kadence_starter_templates_imported_post":false,"_vp_format_video_url":"","_vp_image_focal_point":[],"footnotes":""},"class_list":["post-46","page","type-page","status-publish","hentry"],"translation":{"provider":"WPGlobus","version":"3.0.2","language":"de","enabled_languages":["en","de","zh","ja"],"languages":{"en":{"title":true,"content":true,"excerpt":false},"de":{"title":true,"content":true,"excerpt":false},"zh":{"title":true,"content":true,"excerpt":false},"ja":{"title":true,"content":true,"excerpt":false}}},"_links":{"self":[{"href":"https:\/\/sportsunlimited.sg\/de\/wp-json\/wp\/v2\/pages\/46","targetHints":{"allow":["GET"]}}],"collection":[{"href":"https:\/\/sportsunlimited.sg\/de\/wp-json\/wp\/v2\/pages"}],"about":[{"href":"https:\/\/sportsunlimited.sg\/de\/wp-json\/wp\/v2\/types\/page"}],"author":[{"embeddable":true,"href":"https:\/\/sportsunlimited.sg\/de\/wp-json\/wp\/v2\/users\/1"}],"replies":[{"embeddable":true,"href":"https:\/\/sportsunlimited.sg\/de\/wp-json\/wp\/v2\/comments?post=46"}],"version-history":[{"count":60,"href":"https:\/\/sportsunlimited.sg\/de\/wp-json\/wp\/v2\/pages\/46\/revisions"}],"predecessor-version":[{"id":2866,"href":"https:\/\/sportsunlimited.sg\/de\/wp-json\/wp\/v2\/pages\/46\/revisions\/2866"}],"wp:attachment":[{"href":"https:\/\/sportsunlimited.sg\/de\/wp-json\/wp\/v2\/media?parent=46"}],"curies":[{"name":"wp","href":"https:\/\/api.w.org\/{rel}","templated":true}]}}