{"id":29,"date":"2019-09-10T05:40:35","date_gmt":"2019-09-10T05:40:35","guid":{"rendered":"https:\/\/sportsunlimited.sg\/?page_id=29"},"modified":"2024-12-29T21:00:46","modified_gmt":"2024-12-29T21:00:46","slug":"bungy-jumping","status":"publish","type":"page","link":"https:\/\/sportsunlimited.sg\/de\/bungy-jumping\/","title":{"rendered":"BUNGY JUMPING"},"content":{"rendered":"\n<p class=\"has-text-align-center\">Sports Unlimited ist spezialisiert auf kommerzielle Bungy Spr\u00fcnge von Kr\u00e4nen. Als erstes Unternehmen weltweit, haben wir eine permanente Station f\u00fcr kommerzielle Spr\u00fcnge aus einem Helicopter betrieben (1998-2002 mit \u00fcber 1.000 Teilnehmern).<\/p>\n\n\n\n<figure class=\"wp-block-gallery has-nested-images columns-1 is-cropped wp-block-gallery-1 is-layout-flex wp-block-gallery-is-layout-flex\">\n<figure class=\"wp-block-image size-large\"><img loading=\"lazy\" decoding=\"async\" width=\"768\" height=\"1024\" data-id=\"2752\" src=\"https:\/\/sportsunlimited.sg\/wp-content\/uploads\/2024\/12\/IMG_4823-1-768x1024.jpeg\" alt=\"\" class=\"wp-image-2752\" srcset=\"https:\/\/sportsunlimited.sg\/wp-content\/uploads\/2024\/12\/IMG_4823-1-768x1024.jpeg 768w, https:\/\/sportsunlimited.sg\/wp-content\/uploads\/2024\/12\/IMG_4823-1-225x300.jpeg 225w, https:\/\/sportsunlimited.sg\/wp-content\/uploads\/2024\/12\/IMG_4823-1-1152x1536.jpeg 1152w, https:\/\/sportsunlimited.sg\/wp-content\/uploads\/2024\/12\/IMG_4823-1-1536x2048.jpeg 1536w, https:\/\/sportsunlimited.sg\/wp-content\/uploads\/2024\/12\/IMG_4823-1-500x667.jpeg 500w, https:\/\/sportsunlimited.sg\/wp-content\/uploads\/2024\/12\/IMG_4823-1-800x1067.jpeg 800w, https:\/\/sportsunlimited.sg\/wp-content\/uploads\/2024\/12\/IMG_4823-1-1280x1707.jpeg 1280w, https:\/\/sportsunlimited.sg\/wp-content\/uploads\/2024\/12\/IMG_4823-1-scaled.jpeg 1920w, https:\/\/sportsunlimited.sg\/wp-content\/uploads\/2024\/12\/IMG_4823-1-1600x2133.jpeg 1600w\" sizes=\"auto, (max-width: 768px) 100vw, 768px\" \/><\/figure>\n\n\n\n<figure class=\"wp-block-image size-large\"><img loading=\"lazy\" decoding=\"async\" width=\"1024\" height=\"591\" data-id=\"2753\" src=\"https:\/\/sportsunlimited.sg\/wp-content\/uploads\/2024\/12\/IMG_4825-1-1024x591.jpeg\" alt=\"\" class=\"wp-image-2753\" srcset=\"https:\/\/sportsunlimited.sg\/wp-content\/uploads\/2024\/12\/IMG_4825-1-1024x591.jpeg 1024w, https:\/\/sportsunlimited.sg\/wp-content\/uploads\/2024\/12\/IMG_4825-1-300x173.jpeg 300w, https:\/\/sportsunlimited.sg\/wp-content\/uploads\/2024\/12\/IMG_4825-1-768x443.jpeg 768w, https:\/\/sportsunlimited.sg\/wp-content\/uploads\/2024\/12\/IMG_4825-1-1536x886.jpeg 1536w, https:\/\/sportsunlimited.sg\/wp-content\/uploads\/2024\/12\/IMG_4825-1-2048x1182.jpeg 2048w, https:\/\/sportsunlimited.sg\/wp-content\/uploads\/2024\/12\/IMG_4825-1-500x288.jpeg 500w, https:\/\/sportsunlimited.sg\/wp-content\/uploads\/2024\/12\/IMG_4825-1-800x462.jpeg 800w, https:\/\/sportsunlimited.sg\/wp-content\/uploads\/2024\/12\/IMG_4825-1-1280x738.jpeg 1280w, https:\/\/sportsunlimited.sg\/wp-content\/uploads\/2024\/12\/IMG_4825-1-1920x1108.jpeg 1920w, https:\/\/sportsunlimited.sg\/wp-content\/uploads\/2024\/12\/IMG_4825-1-1600x923.jpeg 1600w\" sizes=\"auto, (max-width: 1024px) 100vw, 1024px\" \/><\/figure>\n<\/figure>\n\n\n\n<figure class=\"wp-block-gallery has-nested-images columns-default is-cropped wp-block-gallery-2 is-layout-flex wp-block-gallery-is-layout-flex\">\n<figure class=\"wp-block-image size-large\"><img loading=\"lazy\" decoding=\"async\" width=\"589\" height=\"1024\" data-id=\"2053\" src=\"https:\/\/sportsunlimited.sg\/wp-content\/uploads\/2019\/09\/Car-bungy-589x1024-1-589x1024.jpg\" alt=\"\" class=\"wp-image-2053\" srcset=\"https:\/\/sportsunlimited.sg\/wp-content\/uploads\/2019\/09\/Car-bungy-589x1024-1.jpg 589w, https:\/\/sportsunlimited.sg\/wp-content\/uploads\/2019\/09\/Car-bungy-589x1024-1-173x300.jpg 173w\" sizes=\"auto, (max-width: 589px) 100vw, 589px\" \/><\/figure>\n\n\n\n<figure class=\"wp-block-image size-large\"><img loading=\"lazy\" decoding=\"async\" width=\"598\" height=\"874\" data-id=\"1935\" src=\"https:\/\/sportsunlimited.sg\/wp-content\/uploads\/2019\/09\/Anke-Helibungy-11.jpeg\" alt=\"\" class=\"wp-image-1935\" srcset=\"https:\/\/sportsunlimited.sg\/wp-content\/uploads\/2019\/09\/Anke-Helibungy-11.jpeg 598w, https:\/\/sportsunlimited.sg\/wp-content\/uploads\/2019\/09\/Anke-Helibungy-11-205x300.jpeg 205w\" sizes=\"auto, (max-width: 598px) 100vw, 598px\" \/><\/figure>\n\n\n\n<figure class=\"wp-block-image size-large\"><img loading=\"lazy\" decoding=\"async\" width=\"1018\" height=\"926\" data-id=\"1942\" src=\"https:\/\/sportsunlimited.sg\/wp-content\/uploads\/2019\/09\/Cable-Car-Bungy-90m-03.jpeg\" alt=\"\" class=\"wp-image-1942\" srcset=\"https:\/\/sportsunlimited.sg\/wp-content\/uploads\/2019\/09\/Cable-Car-Bungy-90m-03.jpeg 1018w, https:\/\/sportsunlimited.sg\/wp-content\/uploads\/2019\/09\/Cable-Car-Bungy-90m-03-300x273.jpeg 300w, https:\/\/sportsunlimited.sg\/wp-content\/uploads\/2019\/09\/Cable-Car-Bungy-90m-03-768x699.jpeg 768w\" sizes=\"auto, (max-width: 1018px) 100vw, 1018px\" \/><\/figure>\n<\/figure>\n\n\n\n<p><\/p>\n\n\n\n<p class=\"has-text-align-center\"><p style=\"text-align: center;\">Unsere Partner betreiben\u00a0<strong>7<\/strong> Bungy Stationen in Japan, sowie die weltweit h\u00f6chste Bungystation <strong>(260m Sprung)<\/strong> von der bekannten Glasbr\u00fccke in Zhangjiajie, China. Bungy China &amp; Japan, sind gemeinsam das gr\u00f6\u00dfte Bungy Unternehmen Asiens.<\/p><\/p>\n\n\n\n\n<figure><img loading=\"lazy\" decoding=\"async\" width=\"1024\" height=\"682\" class=\"wp-image-329 found-media\" src=\"https:\/\/sportsunlimited.sg\/wp-content\/uploads\/2019\/09\/BUNGY-CHINA-1024x682.jpg\" alt=\"\" data-id=\"329\" data-link=\"https:\/\/sportsunlimited.sg\/bungy-jumping\/freestyle-bungee-jumping-from-glass-bottom-bridge-at-zhangjiajie-grand-canyon\/\" srcset=\"https:\/\/sportsunlimited.sg\/wp-content\/uploads\/2019\/09\/BUNGY-CHINA.jpg 1024w, https:\/\/sportsunlimited.sg\/wp-content\/uploads\/2019\/09\/BUNGY-CHINA-300x200.jpg 300w, https:\/\/sportsunlimited.sg\/wp-content\/uploads\/2019\/09\/BUNGY-CHINA-768x512.jpg 768w\" sizes=\"auto, (max-width: 1024px) 100vw, 1024px\" \/><\/figure>\n<ul class=\"wp-block-gallery alignfull columns-3 is-cropped\">\n<li class=\"blocks-gallery-item\">\n<figure><img loading=\"lazy\" decoding=\"async\" width=\"1024\" height=\"768\" class=\"wp-image-322 found-media\" src=\"https:\/\/sportsunlimited.sg\/wp-content\/uploads\/2019\/09\/zhangjiajie-left-prespective-1-1024x768.jpg\" alt=\"\" data-id=\"322\" data-link=\"https:\/\/sportsunlimited.sg\/zhangjiajie-left-prespective-2\/\" srcset=\"https:\/\/sportsunlimited.sg\/wp-content\/uploads\/2019\/09\/zhangjiajie-left-prespective-1-1024x768.jpg 1024w, https:\/\/sportsunlimited.sg\/wp-content\/uploads\/2019\/09\/zhangjiajie-left-prespective-1-300x225.jpg 300w, https:\/\/sportsunlimited.sg\/wp-content\/uploads\/2019\/09\/zhangjiajie-left-prespective-1-768x576.jpg 768w, https:\/\/sportsunlimited.sg\/wp-content\/uploads\/2019\/09\/zhangjiajie-left-prespective-1.jpg 1200w\" sizes=\"auto, (max-width: 1024px) 100vw, 1024px\" \/><\/figure>\n<\/li>\n<li class=\"blocks-gallery-item\">\n<figure><img loading=\"lazy\" decoding=\"async\" width=\"1024\" height=\"576\" class=\"wp-image-330 found-media\" src=\"https:\/\/sportsunlimited.sg\/wp-content\/uploads\/2019\/09\/BUNGY-CHINA--1024x576.jpg\" alt=\"\" data-id=\"330\" data-link=\"https:\/\/sportsunlimited.sg\/bungy-jumping\/bungy-china\/\" srcset=\"https:\/\/sportsunlimited.sg\/wp-content\/uploads\/2019\/09\/BUNGY-CHINA--1024x576.jpg 1024w, https:\/\/sportsunlimited.sg\/wp-content\/uploads\/2019\/09\/BUNGY-CHINA--300x169.jpg 300w, https:\/\/sportsunlimited.sg\/wp-content\/uploads\/2019\/09\/BUNGY-CHINA--768x432.jpg 768w, https:\/\/sportsunlimited.sg\/wp-content\/uploads\/2019\/09\/BUNGY-CHINA-.jpg 1100w\" sizes=\"auto, (max-width: 1024px) 100vw, 1024px\" \/><\/figure>\n<\/li>\n<\/ul>\n\n<ul class=\"wp-block-gallery alignfull columns-2 is-cropped\">\n<li class=\"blocks-gallery-item\">\n<figure><img loading=\"lazy\" decoding=\"async\" width=\"1024\" height=\"639\" class=\"wp-image-323 found-media\" src=\"https:\/\/sportsunlimited.sg\/wp-content\/uploads\/2019\/09\/zhangjiajie-top-1-1024x639.jpg\" alt=\"\" data-id=\"323\" data-link=\"https:\/\/sportsunlimited.sg\/zhangjiajie-top-2\/\" srcset=\"https:\/\/sportsunlimited.sg\/wp-content\/uploads\/2019\/09\/zhangjiajie-top-1-1024x639.jpg 1024w, https:\/\/sportsunlimited.sg\/wp-content\/uploads\/2019\/09\/zhangjiajie-top-1-300x187.jpg 300w, https:\/\/sportsunlimited.sg\/wp-content\/uploads\/2019\/09\/zhangjiajie-top-1-768x480.jpg 768w, https:\/\/sportsunlimited.sg\/wp-content\/uploads\/2019\/09\/zhangjiajie-top-1-1600x999.jpg 1600w, https:\/\/sportsunlimited.sg\/wp-content\/uploads\/2019\/09\/zhangjiajie-top-1.jpg 1800w\" sizes=\"auto, (max-width: 1024px) 100vw, 1024px\" \/><\/figure>\n<\/li>\n<li class=\"blocks-gallery-item\">\n<figure><img loading=\"lazy\" decoding=\"async\" width=\"1024\" height=\"575\" class=\"wp-image-316 found-media\" src=\"https:\/\/sportsunlimited.sg\/wp-content\/uploads\/2019\/09\/WechatIMG3671-1024x575.jpeg\" alt=\"\" data-id=\"316\" data-link=\"https:\/\/sportsunlimited.sg\/wechatimg3671\/\" srcset=\"https:\/\/sportsunlimited.sg\/wp-content\/uploads\/2019\/09\/WechatIMG3671-1024x575.jpeg 1024w, https:\/\/sportsunlimited.sg\/wp-content\/uploads\/2019\/09\/WechatIMG3671-300x168.jpeg 300w, https:\/\/sportsunlimited.sg\/wp-content\/uploads\/2019\/09\/WechatIMG3671-768x431.jpeg 768w, https:\/\/sportsunlimited.sg\/wp-content\/uploads\/2019\/09\/WechatIMG3671-1600x899.jpeg 1600w\" sizes=\"auto, (max-width: 1024px) 100vw, 1024px\" \/><\/figure>\n<\/li>\n<\/ul>\n<p style=\"text-align: center;\"><img loading=\"lazy\" decoding=\"async\" width=\"683\" height=\"1024\" class=\"wp-image-332 found-media\" src=\"https:\/\/sportsunlimited.sg\/wp-content\/uploads\/2019\/09\/Jumper-Japan-1-683x1024.jpg\" alt=\"\" data-id=\"332\" data-link=\"https:\/\/sportsunlimited.sg\/bungy-jumping\/jumper-japan-1\/\" srcset=\"https:\/\/sportsunlimited.sg\/wp-content\/uploads\/2019\/09\/Jumper-Japan-1.jpg 683w, https:\/\/sportsunlimited.sg\/wp-content\/uploads\/2019\/09\/Jumper-Japan-1-200x300.jpg 200w\" sizes=\"auto, (max-width: 683px) 100vw, 683px\" \/><\/p>\n\n\n\n\n<ul class=\"wp-block-gallery alignfull columns-3 is-cropped wp-block-gallery-3 is-layout-flex wp-block-gallery-is-layout-flex\">\r\n<li class=\"blocks-gallery-item\">\r\n<figure><img loading=\"lazy\" decoding=\"async\" width=\"683\" height=\"1024\" class=\"wp-image-333\" src=\"https:\/\/sportsunlimited.sg\/wp-content\/uploads\/2019\/09\/Jumper-Japan-2-683x1024.jpg\" alt=\"\" data-id=\"333\" data-link=\"https:\/\/sportsunlimited.sg\/bungy-jumping\/jumper-japan-2\/\" srcset=\"https:\/\/sportsunlimited.sg\/wp-content\/uploads\/2019\/09\/Jumper-Japan-2.jpg 683w, https:\/\/sportsunlimited.sg\/wp-content\/uploads\/2019\/09\/Jumper-Japan-2-200x300.jpg 200w\" sizes=\"auto, (max-width: 683px) 100vw, 683px\" \/><\/figure>\r\n<\/li>\r\n<li class=\"blocks-gallery-item\">\r\n<figure><img loading=\"lazy\" decoding=\"async\" width=\"1024\" height=\"683\" class=\"wp-image-334\" src=\"https:\/\/sportsunlimited.sg\/wp-content\/uploads\/2019\/09\/Jumper-Japan-3-1024x683.jpg\" alt=\"\" data-id=\"334\" data-link=\"https:\/\/sportsunlimited.sg\/bungy-jumping\/jumper-japan-3\/\" srcset=\"https:\/\/sportsunlimited.sg\/wp-content\/uploads\/2019\/09\/Jumper-Japan-3.jpg 1024w, https:\/\/sportsunlimited.sg\/wp-content\/uploads\/2019\/09\/Jumper-Japan-3-300x200.jpg 300w, https:\/\/sportsunlimited.sg\/wp-content\/uploads\/2019\/09\/Jumper-Japan-3-768x512.jpg 768w\" sizes=\"auto, (max-width: 1024px) 100vw, 1024px\" \/><\/figure>\r\n<\/li>\r\n<li class=\"blocks-gallery-item\">\r\n<figure><img loading=\"lazy\" decoding=\"async\" width=\"1024\" height=\"683\" class=\"wp-image-331\" src=\"https:\/\/sportsunlimited.sg\/wp-content\/uploads\/2019\/09\/Japan-Sunset-1024x683.jpg\" alt=\"\" data-id=\"331\" data-link=\"https:\/\/sportsunlimited.sg\/bungy-jumping\/japan-sunset\/\" srcset=\"https:\/\/sportsunlimited.sg\/wp-content\/uploads\/2019\/09\/Japan-Sunset.jpg 1024w, https:\/\/sportsunlimited.sg\/wp-content\/uploads\/2019\/09\/Japan-Sunset-300x200.jpg 300w, https:\/\/sportsunlimited.sg\/wp-content\/uploads\/2019\/09\/Japan-Sunset-768x512.jpg 768w\" sizes=\"auto, (max-width: 1024px) 100vw, 1024px\" \/><hr class=\"wp-block-separator is-style-wide\">\n\n\n\n<\/figure>\r\n<\/li>\r\n<\/ul>\n\n\n\n<p class=\"has-text-align-center\"><\/p>\n\n\n\n<hr class=\"wp-block-separator has-alpha-channel-opacity wp-block-gallery alignwide columns-2 is-cropped\"\/>\n\n\n\n<p><\/p>\n","protected":false},"excerpt":{"rendered":"<p>Sports Unlimited ist spezialisiert auf kommerzielle Bungy Spr\u00fcnge von Kr\u00e4nen. Als erstes Unternehmen weltweit, haben wir eine permanente Station f\u00fcr&hellip;<\/p>\n","protected":false},"author":1,"featured_media":0,"parent":0,"menu_order":0,"comment_status":"closed","ping_status":"closed","template":"","meta":{"ngg_post_thumbnail":0,"_kadence_starter_templates_imported_post":false,"_vp_format_video_url":"","_vp_image_focal_point":[],"footnotes":""},"class_list":["post-29","page","type-page","status-publish","hentry"],"translation":{"provider":"WPGlobus","version":"3.0.2","language":"de","enabled_languages":["en","de","zh","ja"],"languages":{"en":{"title":true,"content":true,"excerpt":false},"de":{"title":true,"content":true,"excerpt":false},"zh":{"title":true,"content":true,"excerpt":false},"ja":{"title":true,"content":true,"excerpt":false}}},"_links":{"self":[{"href":"https:\/\/sportsunlimited.sg\/de\/wp-json\/wp\/v2\/pages\/29","targetHints":{"allow":["GET"]}}],"collection":[{"href":"https:\/\/sportsunlimited.sg\/de\/wp-json\/wp\/v2\/pages"}],"about":[{"href":"https:\/\/sportsunlimited.sg\/de\/wp-json\/wp\/v2\/types\/page"}],"author":[{"embeddable":true,"href":"https:\/\/sportsunlimited.sg\/de\/wp-json\/wp\/v2\/users\/1"}],"replies":[{"embeddable":true,"href":"https:\/\/sportsunlimited.sg\/de\/wp-json\/wp\/v2\/comments?post=29"}],"version-history":[{"count":43,"href":"https:\/\/sportsunlimited.sg\/de\/wp-json\/wp\/v2\/pages\/29\/revisions"}],"predecessor-version":[{"id":2756,"href":"https:\/\/sportsunlimited.sg\/de\/wp-json\/wp\/v2\/pages\/29\/revisions\/2756"}],"wp:attachment":[{"href":"https:\/\/sportsunlimited.sg\/de\/wp-json\/wp\/v2\/media?parent=29"}],"curies":[{"name":"wp","href":"https:\/\/api.w.org\/{rel}","templated":true}]}}