{"id":27,"date":"2019-09-10T05:38:32","date_gmt":"2019-09-10T05:38:32","guid":{"rendered":"https:\/\/sportsunlimited.sg\/?page_id=27"},"modified":"2019-11-14T04:35:24","modified_gmt":"2019-11-14T04:35:24","slug":"giant-swing","status":"publish","type":"page","link":"https:\/\/sportsunlimited.sg\/de\/giant-swing\/","title":{"rendered":"GIANT SWING"},"content":{"rendered":"<h4 style=\"text-align: center;\">Geb\u00e4ude &#8211; T\u00fcrme &#8211; Stadien &#8211; Br\u00fccken<\/h4>\r\n<p><!-- \/wp:post-content -->\r\n\r\n<!-- wp:paragraph {\"align\":\"center\"} --><\/p>\r\n<p style=\"text-align: center;\">Bereits 1995 haben wir mit unserem damaligen Partnern, die erste und h\u00f6chste mobile T\u00dcV gepr\u00fcfte Pendelfluganlage der Welt entwickelt. Unser Giant Swing System z\u00e4hlt bis heute mehr als 200.000 Kunden und sichere Swings. <strong>2019<\/strong> entwickelten wir ein neues Sicherungssystem (welches sich momentan noch in der Patentphase befindet). Diese signifikante Steigerung macht unseren Giant Swing, zu dem wohl sichersten auf dem Markt.<\/p>\r\n<p><!-- \/wp:paragraph -->\r\n\r\n<!-- wp:separator \/-->\r\n\r\n<!-- wp:separator {\"className\":\"is-style-wide\"} --><\/p>\r\n<p style=\"text-align: center;\">\n<div class=\"vp-portfolio vp-uid-5ea4be89 vp-id-602 \"\n\tdata-vp-layout=\"tiles\" data-vp-content-source=\"images\" data-vp-items-style=\"default\" data-vp-items-click-action=\"\" data-vp-items-gap=\"30\" data-vp-items-gap-vertical=\"\" data-vp-pagination=\"load-more\" data-vp-next-page-url=\"\" data-vp-tiles-type=\"3|1,1|2,1|1,1|2,0.5|1,1|\" >\n\t<div class=\"vp-portfolio__preloader-wrap\">\n\t\t<div class=\"vp-portfolio__preloader\">\n\t\t\t<img decoding=\"async\" loading=\"eager\" src=\"https:\/\/sportsunlimited.sg\/wp-content\/plugins\/visual-portfolio\/assets\/images\/logo-dark.svg\" alt=\"Visual Portfolio, Posts &amp; Image Gallery for WordPress\" width=\"20\" height=\"20\" data-skip-lazy>\n\t\t<\/div>\n\t<\/div>\n\t\t<div class=\"vp-portfolio__layout-elements vp-portfolio__layout-elements-top vp-portfolio__layout-elements-align-center\">\n\t\t\t\t<div class=\"vp-portfolio__sort-wrap\">\n\t\t\n<div class=\"vp-sort vp-sort__style-dropdown\">\n\t<select>\n\t\t\t\t\t<option class=\"vp-sort__item vp-sort__item-active\" data-vp-url=\"https:\/\/sportsunlimited.sg\/de\/wp-json\/wp\/v2\/pages\/27\" data-vp-sort=\"\" value=\"\"  selected='selected'>\n\t\t\t\tDefault sorting\t\t\t<\/option>\n\t\t\t\t\t\t<option class=\"vp-sort__item\" data-vp-url=\"https:\/\/sportsunlimited.sg\/de\/wp-json\/wp\/v2\/pages\/27?vp_sort=date_desc\" data-vp-sort=\"date_desc\" value=\"date_desc\" >\n\t\t\t\tSort by date (newest)\t\t\t<\/option>\n\t\t\t\t\t\t<option class=\"vp-sort__item\" data-vp-url=\"https:\/\/sportsunlimited.sg\/de\/wp-json\/wp\/v2\/pages\/27?vp_sort=date\" data-vp-sort=\"date\" value=\"date\" >\n\t\t\t\tSort by date (oldest)\t\t\t<\/option>\n\t\t\t\t\t\t<option class=\"vp-sort__item\" data-vp-url=\"https:\/\/sportsunlimited.sg\/de\/wp-json\/wp\/v2\/pages\/27?vp_sort=title\" data-vp-sort=\"title\" value=\"title\" >\n\t\t\t\tSort by title (A-Z)\t\t\t<\/option>\n\t\t\t\t\t\t<option class=\"vp-sort__item\" data-vp-url=\"https:\/\/sportsunlimited.sg\/de\/wp-json\/wp\/v2\/pages\/27?vp_sort=title_desc\" data-vp-sort=\"title_desc\" value=\"title_desc\" >\n\t\t\t\tSort by title (Z-A)\t\t\t<\/option>\n\t\t\t\t<\/select>\n<\/div>\n\t\t<\/div>\n\t\t\t\t<\/div>\n\t\t\t\t<div class=\"vp-portfolio__items-wrap\">\n\t\t\t\n<div class=\"vp-portfolio__items vp-portfolio__items-style-default vp-portfolio__items-show-overlay-hover\">\n\n\t\t<div\t\tclass=\"vp-portfolio__item-wrap vp-portfolio__item-uid-d8157adf\" data-vp-filter=\"\" \t\t>\n\t\t\t\t\t\t\t\t\t<figure class=\"vp-portfolio__item\">\n\t\t\t\t\n<div class=\"vp-portfolio__item-img-wrap\">\n\t<div class=\"vp-portfolio__item-img\">\n\t\t\n\t\t<noscript><img loading=\"lazy\" decoding=\"async\" width=\"516\" height=\"556\" data-skip-lazy src=\"https:\/\/sportsunlimited.sg\/wp-content\/uploads\/2019\/09\/Swing2.png\" class=\"wp-image-276\" alt=\"\" srcset=\"https:\/\/sportsunlimited.sg\/wp-content\/uploads\/2019\/09\/Swing2.png 516w, https:\/\/sportsunlimited.sg\/wp-content\/uploads\/2019\/09\/Swing2-278x300.png 278w\" sizes=\"auto, (max-width: 516px) 100vw, 516px\" \/><\/noscript><img fetchpriority=\"high\" decoding=\"async\" width=\"516\" height=\"556\" src=\"https:\/\/sportsunlimited.sg\/wp-content\/uploads\/2019\/09\/Swing2.png\" class=\"wp-image-276 vp-lazyload\" alt srcset=\"data:image\/svg+xml;base64,PHN2ZyB3aWR0aD0iNTE2IiBoZWlnaHQ9IjU1NiIgdmlld0JveD0iMCAwIDUxNiA1NTYiIGZpbGw9Im5vbmUiIHhtbG5zPSJodHRwOi8vd3d3LnczLm9yZy8yMDAwL3N2ZyI+PC9zdmc+\" data-src=\"https:\/\/sportsunlimited.sg\/wp-content\/uploads\/2019\/09\/Swing2.png\" data-srcset=\"https:\/\/sportsunlimited.sg\/wp-content\/uploads\/2019\/09\/Swing2.png 516w, https:\/\/sportsunlimited.sg\/wp-content\/uploads\/2019\/09\/Swing2-278x300.png 278w\" data-sizes=\"auto\" loading=\"eager\">\n\t\t<div class=\"vp-portfolio__item-overlay\">\n\t\t\t\t\t<\/div>\n\n\t\t\t<\/div>\n<\/div>\n\n\t\t\t<\/figure>\n\t\t\t\t\t<\/div>\n\t\t\n\t\t<div\t\tclass=\"vp-portfolio__item-wrap vp-portfolio__item-uid-f1d46a1c\" data-vp-filter=\"\" \t\t>\n\t\t\t\t\t\t\t\t\t<figure class=\"vp-portfolio__item\">\n\t\t\t\t\n<div class=\"vp-portfolio__item-img-wrap\">\n\t<div class=\"vp-portfolio__item-img\">\n\t\t\n\t\t<noscript><img loading=\"lazy\" decoding=\"async\" width=\"653\" height=\"599\" data-skip-lazy src=\"https:\/\/sportsunlimited.sg\/wp-content\/uploads\/2019\/09\/Basedive-Lausitzring-03.jpg\" class=\"wp-image-379\" alt=\"\" srcset=\"https:\/\/sportsunlimited.sg\/wp-content\/uploads\/2019\/09\/Basedive-Lausitzring-03.jpg 653w, https:\/\/sportsunlimited.sg\/wp-content\/uploads\/2019\/09\/Basedive-Lausitzring-03-300x275.jpg 300w\" sizes=\"auto, (max-width: 653px) 100vw, 653px\" \/><\/noscript><img decoding=\"async\" width=\"653\" height=\"599\" src=\"https:\/\/sportsunlimited.sg\/wp-content\/uploads\/2019\/09\/Basedive-Lausitzring-03.jpg\" class=\"wp-image-379 vp-lazyload\" alt srcset=\"data:image\/svg+xml;base64,PHN2ZyB3aWR0aD0iNjUzIiBoZWlnaHQ9IjU5OSIgdmlld0JveD0iMCAwIDY1MyA1OTkiIGZpbGw9Im5vbmUiIHhtbG5zPSJodHRwOi8vd3d3LnczLm9yZy8yMDAwL3N2ZyI+PC9zdmc+\" data-src=\"https:\/\/sportsunlimited.sg\/wp-content\/uploads\/2019\/09\/Basedive-Lausitzring-03.jpg\" data-srcset=\"https:\/\/sportsunlimited.sg\/wp-content\/uploads\/2019\/09\/Basedive-Lausitzring-03.jpg 653w, https:\/\/sportsunlimited.sg\/wp-content\/uploads\/2019\/09\/Basedive-Lausitzring-03-300x275.jpg 300w\" data-sizes=\"auto\" loading=\"eager\">\n\t\t<div class=\"vp-portfolio__item-overlay\">\n\t\t\t\t\t<\/div>\n\n\t\t\t<\/div>\n<\/div>\n\n\t\t\t<\/figure>\n\t\t\t\t\t<\/div>\n\t\t\n\t\t<div\t\tclass=\"vp-portfolio__item-wrap vp-portfolio__item-uid-04d9e8f5\" data-vp-filter=\"\" \t\t>\n\t\t\t\t\t\t\t\t\t<figure class=\"vp-portfolio__item\">\n\t\t\t\t\n<div class=\"vp-portfolio__item-img-wrap\">\n\t<div class=\"vp-portfolio__item-img\">\n\t\t\n\t\t<noscript><img loading=\"lazy\" decoding=\"async\" width=\"1826\" height=\"1640\" data-skip-lazy src=\"https:\/\/sportsunlimited.sg\/wp-content\/uploads\/2019\/09\/Basedive-07.jpg\" class=\"wp-image-377\" alt=\"\" srcset=\"https:\/\/sportsunlimited.sg\/wp-content\/uploads\/2019\/09\/Basedive-07.jpg 1826w, https:\/\/sportsunlimited.sg\/wp-content\/uploads\/2019\/09\/Basedive-07-300x269.jpg 300w, https:\/\/sportsunlimited.sg\/wp-content\/uploads\/2019\/09\/Basedive-07-768x690.jpg 768w, https:\/\/sportsunlimited.sg\/wp-content\/uploads\/2019\/09\/Basedive-07-1024x920.jpg 1024w, https:\/\/sportsunlimited.sg\/wp-content\/uploads\/2019\/09\/Basedive-07-1600x1437.jpg 1600w\" sizes=\"auto, (max-width: 1826px) 100vw, 1826px\" \/><\/noscript><img decoding=\"async\" width=\"1826\" height=\"1640\" src=\"https:\/\/sportsunlimited.sg\/wp-content\/uploads\/2019\/09\/Basedive-07.jpg\" class=\"wp-image-377 vp-lazyload\" alt srcset=\"data:image\/svg+xml;base64,PHN2ZyB3aWR0aD0iMTgyNiIgaGVpZ2h0PSIxNjQwIiB2aWV3Qm94PSIwIDAgMTgyNiAxNjQwIiBmaWxsPSJub25lIiB4bWxucz0iaHR0cDovL3d3dy53My5vcmcvMjAwMC9zdmciPjwvc3ZnPg==\" data-src=\"https:\/\/sportsunlimited.sg\/wp-content\/uploads\/2019\/09\/Basedive-07.jpg\" data-srcset=\"https:\/\/sportsunlimited.sg\/wp-content\/uploads\/2019\/09\/Basedive-07.jpg 1826w, https:\/\/sportsunlimited.sg\/wp-content\/uploads\/2019\/09\/Basedive-07-300x269.jpg 300w, https:\/\/sportsunlimited.sg\/wp-content\/uploads\/2019\/09\/Basedive-07-768x690.jpg 768w, https:\/\/sportsunlimited.sg\/wp-content\/uploads\/2019\/09\/Basedive-07-1024x920.jpg 1024w, https:\/\/sportsunlimited.sg\/wp-content\/uploads\/2019\/09\/Basedive-07-1600x1437.jpg 1600w\" data-sizes=\"auto\" loading=\"eager\">\n\t\t<div class=\"vp-portfolio__item-overlay\">\n\t\t\t\t\t<\/div>\n\n\t\t\t<\/div>\n<\/div>\n\n\t\t\t<\/figure>\n\t\t\t\t\t<\/div>\n\t\t\n\t\t<div\t\tclass=\"vp-portfolio__item-wrap vp-portfolio__item-uid-a59906fc\" data-vp-filter=\"\" \t\t>\n\t\t\t\t\t\t\t\t\t<figure class=\"vp-portfolio__item\">\n\t\t\t\t\n<div class=\"vp-portfolio__item-img-wrap\">\n\t<div class=\"vp-portfolio__item-img\">\n\t\t\n\t\t<noscript><img loading=\"lazy\" decoding=\"async\" width=\"1920\" height=\"1440\" data-skip-lazy src=\"https:\/\/sportsunlimited.sg\/wp-content\/uploads\/2019\/09\/Basedive-09-1.jpg\" class=\"wp-image-380\" alt=\"\" srcset=\"https:\/\/sportsunlimited.sg\/wp-content\/uploads\/2019\/09\/Basedive-09-1.jpg 3072w, https:\/\/sportsunlimited.sg\/wp-content\/uploads\/2019\/09\/Basedive-09-1-300x225.jpg 300w, https:\/\/sportsunlimited.sg\/wp-content\/uploads\/2019\/09\/Basedive-09-1-768x576.jpg 768w, https:\/\/sportsunlimited.sg\/wp-content\/uploads\/2019\/09\/Basedive-09-1-1024x768.jpg 1024w, https:\/\/sportsunlimited.sg\/wp-content\/uploads\/2019\/09\/Basedive-09-1-1600x1200.jpg 1600w\" sizes=\"auto, (max-width: 1920px) 100vw, 1920px\" \/><\/noscript><img decoding=\"async\" width=\"1920\" height=\"1440\" src=\"https:\/\/sportsunlimited.sg\/wp-content\/uploads\/2019\/09\/Basedive-09-1.jpg\" class=\"wp-image-380 vp-lazyload\" alt srcset=\"data:image\/svg+xml;base64,PHN2ZyB3aWR0aD0iMTkyMCIgaGVpZ2h0PSIxNDQwIiB2aWV3Qm94PSIwIDAgMTkyMCAxNDQwIiBmaWxsPSJub25lIiB4bWxucz0iaHR0cDovL3d3dy53My5vcmcvMjAwMC9zdmciPjwvc3ZnPg==\" data-src=\"https:\/\/sportsunlimited.sg\/wp-content\/uploads\/2019\/09\/Basedive-09-1.jpg\" data-srcset=\"https:\/\/sportsunlimited.sg\/wp-content\/uploads\/2019\/09\/Basedive-09-1.jpg 3072w, https:\/\/sportsunlimited.sg\/wp-content\/uploads\/2019\/09\/Basedive-09-1-300x225.jpg 300w, https:\/\/sportsunlimited.sg\/wp-content\/uploads\/2019\/09\/Basedive-09-1-768x576.jpg 768w, https:\/\/sportsunlimited.sg\/wp-content\/uploads\/2019\/09\/Basedive-09-1-1024x768.jpg 1024w, https:\/\/sportsunlimited.sg\/wp-content\/uploads\/2019\/09\/Basedive-09-1-1600x1200.jpg 1600w\" data-sizes=\"auto\" loading=\"eager\">\n\t\t<div class=\"vp-portfolio__item-overlay\">\n\t\t\t\t\t<\/div>\n\n\t\t\t<\/div>\n<\/div>\n\n\t\t\t<\/figure>\n\t\t\t\t\t<\/div>\n\t\t\n\t\t<div\t\tclass=\"vp-portfolio__item-wrap vp-portfolio__item-uid-cfbcd605\" data-vp-filter=\"\" \t\t>\n\t\t\t\t\t\t\t\t\t<figure class=\"vp-portfolio__item\">\n\t\t\t\t\n<div class=\"vp-portfolio__item-img-wrap\">\n\t<div class=\"vp-portfolio__item-img\">\n\t\t\n\t\t<noscript><img loading=\"lazy\" decoding=\"async\" width=\"1662\" height=\"1288\" data-skip-lazy src=\"https:\/\/sportsunlimited.sg\/wp-content\/uploads\/2019\/09\/Basedive-3.jpg\" class=\"wp-image-375\" alt=\"\" srcset=\"https:\/\/sportsunlimited.sg\/wp-content\/uploads\/2019\/09\/Basedive-3.jpg 1662w, https:\/\/sportsunlimited.sg\/wp-content\/uploads\/2019\/09\/Basedive-3-300x232.jpg 300w, https:\/\/sportsunlimited.sg\/wp-content\/uploads\/2019\/09\/Basedive-3-768x595.jpg 768w, https:\/\/sportsunlimited.sg\/wp-content\/uploads\/2019\/09\/Basedive-3-1024x794.jpg 1024w, https:\/\/sportsunlimited.sg\/wp-content\/uploads\/2019\/09\/Basedive-3-1600x1240.jpg 1600w\" sizes=\"auto, (max-width: 1662px) 100vw, 1662px\" \/><\/noscript><img decoding=\"async\" width=\"1662\" height=\"1288\" src=\"https:\/\/sportsunlimited.sg\/wp-content\/uploads\/2019\/09\/Basedive-3.jpg\" class=\"wp-image-375 vp-lazyload\" alt srcset=\"data:image\/svg+xml;base64,PHN2ZyB3aWR0aD0iMTY2MiIgaGVpZ2h0PSIxMjg4IiB2aWV3Qm94PSIwIDAgMTY2MiAxMjg4IiBmaWxsPSJub25lIiB4bWxucz0iaHR0cDovL3d3dy53My5vcmcvMjAwMC9zdmciPjwvc3ZnPg==\" data-src=\"https:\/\/sportsunlimited.sg\/wp-content\/uploads\/2019\/09\/Basedive-3.jpg\" data-srcset=\"https:\/\/sportsunlimited.sg\/wp-content\/uploads\/2019\/09\/Basedive-3.jpg 1662w, https:\/\/sportsunlimited.sg\/wp-content\/uploads\/2019\/09\/Basedive-3-300x232.jpg 300w, https:\/\/sportsunlimited.sg\/wp-content\/uploads\/2019\/09\/Basedive-3-768x595.jpg 768w, https:\/\/sportsunlimited.sg\/wp-content\/uploads\/2019\/09\/Basedive-3-1024x794.jpg 1024w, https:\/\/sportsunlimited.sg\/wp-content\/uploads\/2019\/09\/Basedive-3-1600x1240.jpg 1600w\" data-sizes=\"auto\" loading=\"eager\">\n\t\t<div class=\"vp-portfolio__item-overlay\">\n\t\t\t\t\t<\/div>\n\n\t\t\t<\/div>\n<\/div>\n\n\t\t\t<\/figure>\n\t\t\t\t\t<\/div>\n\t\t\n\t\t<div\t\tclass=\"vp-portfolio__item-wrap vp-portfolio__item-uid-9fa17e62\" data-vp-filter=\"\" \t\t>\n\t\t\t\t\t\t\t\t\t<figure class=\"vp-portfolio__item\">\n\t\t\t\t\n<div class=\"vp-portfolio__item-img-wrap\">\n\t<div class=\"vp-portfolio__item-img\">\n\t\t\n\t\t<noscript><img loading=\"lazy\" decoding=\"async\" width=\"462\" height=\"316\" data-skip-lazy src=\"https:\/\/sportsunlimited.sg\/wp-content\/uploads\/2019\/09\/Swing-3.png\" class=\"wp-image-273\" alt=\"\" srcset=\"https:\/\/sportsunlimited.sg\/wp-content\/uploads\/2019\/09\/Swing-3.png 462w, https:\/\/sportsunlimited.sg\/wp-content\/uploads\/2019\/09\/Swing-3-300x205.png 300w\" sizes=\"auto, (max-width: 462px) 100vw, 462px\" \/><\/noscript><img decoding=\"async\" width=\"462\" height=\"316\" src=\"https:\/\/sportsunlimited.sg\/wp-content\/uploads\/2019\/09\/Swing-3.png\" class=\"wp-image-273 vp-lazyload\" alt srcset=\"data:image\/svg+xml;base64,PHN2ZyB3aWR0aD0iNDYyIiBoZWlnaHQ9IjMxNiIgdmlld0JveD0iMCAwIDQ2MiAzMTYiIGZpbGw9Im5vbmUiIHhtbG5zPSJodHRwOi8vd3d3LnczLm9yZy8yMDAwL3N2ZyI+PC9zdmc+\" data-src=\"https:\/\/sportsunlimited.sg\/wp-content\/uploads\/2019\/09\/Swing-3.png\" data-srcset=\"https:\/\/sportsunlimited.sg\/wp-content\/uploads\/2019\/09\/Swing-3.png 462w, https:\/\/sportsunlimited.sg\/wp-content\/uploads\/2019\/09\/Swing-3-300x205.png 300w\" data-sizes=\"auto\" loading=\"eager\">\n\t\t<div class=\"vp-portfolio__item-overlay\">\n\t\t\t\t\t<\/div>\n\n\t\t\t<\/div>\n<\/div>\n\n\t\t\t<\/figure>\n\t\t\t\t\t<\/div>\n\t\t\n\t\t<div\t\tclass=\"vp-portfolio__item-wrap vp-portfolio__item-uid-fcbc4f34\" data-vp-filter=\"\" \t\t>\n\t\t\t\t\t\t\t\t\t<figure class=\"vp-portfolio__item\">\n\t\t\t\t\n<div class=\"vp-portfolio__item-img-wrap\">\n\t<div class=\"vp-portfolio__item-img\">\n\t\t\n\t\t<noscript><img loading=\"lazy\" decoding=\"async\" width=\"1920\" height=\"1269\" data-skip-lazy src=\"https:\/\/sportsunlimited.sg\/wp-content\/uploads\/2019\/09\/Basedive-4.jpg\" class=\"wp-image-376\" alt=\"\" srcset=\"https:\/\/sportsunlimited.sg\/wp-content\/uploads\/2019\/09\/Basedive-4.jpg 2079w, https:\/\/sportsunlimited.sg\/wp-content\/uploads\/2019\/09\/Basedive-4-300x198.jpg 300w, https:\/\/sportsunlimited.sg\/wp-content\/uploads\/2019\/09\/Basedive-4-768x508.jpg 768w, https:\/\/sportsunlimited.sg\/wp-content\/uploads\/2019\/09\/Basedive-4-1024x677.jpg 1024w, https:\/\/sportsunlimited.sg\/wp-content\/uploads\/2019\/09\/Basedive-4-1600x1057.jpg 1600w\" sizes=\"auto, (max-width: 1920px) 100vw, 1920px\" \/><\/noscript><img decoding=\"async\" width=\"1920\" height=\"1269\" src=\"https:\/\/sportsunlimited.sg\/wp-content\/uploads\/2019\/09\/Basedive-4.jpg\" class=\"wp-image-376 vp-lazyload\" alt srcset=\"data:image\/svg+xml;base64,PHN2ZyB3aWR0aD0iMTkyMCIgaGVpZ2h0PSIxMjY5IiB2aWV3Qm94PSIwIDAgMTkyMCAxMjY5IiBmaWxsPSJub25lIiB4bWxucz0iaHR0cDovL3d3dy53My5vcmcvMjAwMC9zdmciPjwvc3ZnPg==\" data-src=\"https:\/\/sportsunlimited.sg\/wp-content\/uploads\/2019\/09\/Basedive-4.jpg\" data-srcset=\"https:\/\/sportsunlimited.sg\/wp-content\/uploads\/2019\/09\/Basedive-4.jpg 2079w, https:\/\/sportsunlimited.sg\/wp-content\/uploads\/2019\/09\/Basedive-4-300x198.jpg 300w, https:\/\/sportsunlimited.sg\/wp-content\/uploads\/2019\/09\/Basedive-4-768x508.jpg 768w, https:\/\/sportsunlimited.sg\/wp-content\/uploads\/2019\/09\/Basedive-4-1024x677.jpg 1024w, https:\/\/sportsunlimited.sg\/wp-content\/uploads\/2019\/09\/Basedive-4-1600x1057.jpg 1600w\" data-sizes=\"auto\" loading=\"eager\">\n\t\t<div class=\"vp-portfolio__item-overlay\">\n\t\t\t\t\t<\/div>\n\n\t\t\t<\/div>\n<\/div>\n\n\t\t\t<\/figure>\n\t\t\t\t\t<\/div>\n\t\t\n<\/div>\n\t\t<\/div>\n\t\t\t\t<div class=\"vp-portfolio__layout-elements vp-portfolio__layout-elements-bottom vp-portfolio__layout-elements-align-center\">\n\t\t\t\t<div class=\"vp-portfolio__pagination-wrap\">\n\t\t\n<div class=\"vp-pagination vp-pagination__no-more vp-pagination__style-minimal\" data-vp-pagination-type=\"load-more\">\n\t<div class=\"vp-pagination__item\">\n\t\t<a class=\"vp-pagination__load-more\" href=\"\">\n\t\t\t<span>Load More<\/span>\n\t\t\t<span class=\"vp-pagination__load-more-loading\"><span class=\"vp-spinner\"><\/span><span class=\"vp-screen-reader-text\"> Loading More...<\/span><\/span>\n\t\t\t<span class=\"vp-pagination__load-more-no-more\">You\u2019ve reached the end of the list<\/span>\n\t\t<\/a>\n\t<\/div>\n<\/div>\n\t\t<\/div>\n\t\t\t\t<\/div>\n\t\t\n<\/div>\n<\/p>","protected":false},"excerpt":{"rendered":"<p>Geb\u00e4ude &#8211; T\u00fcrme &#8211; Stadien &#8211; Br\u00fccken Bereits 1995 haben wir mit unserem damaligen Partnern, die erste und h\u00f6chste mobile&hellip;<\/p>\n","protected":false},"author":1,"featured_media":0,"parent":0,"menu_order":0,"comment_status":"closed","ping_status":"closed","template":"","meta":{"ngg_post_thumbnail":0,"_kadence_starter_templates_imported_post":false,"_vp_format_video_url":"","_vp_image_focal_point":[],"footnotes":""},"class_list":["post-27","page","type-page","status-publish","hentry"],"translation":{"provider":"WPGlobus","version":"3.0.2","language":"de","enabled_languages":["en","de","zh","ja"],"languages":{"en":{"title":true,"content":true,"excerpt":false},"de":{"title":true,"content":true,"excerpt":false},"zh":{"title":true,"content":true,"excerpt":false},"ja":{"title":true,"content":true,"excerpt":false}}},"_links":{"self":[{"href":"https:\/\/sportsunlimited.sg\/de\/wp-json\/wp\/v2\/pages\/27","targetHints":{"allow":["GET"]}}],"collection":[{"href":"https:\/\/sportsunlimited.sg\/de\/wp-json\/wp\/v2\/pages"}],"about":[{"href":"https:\/\/sportsunlimited.sg\/de\/wp-json\/wp\/v2\/types\/page"}],"author":[{"embeddable":true,"href":"https:\/\/sportsunlimited.sg\/de\/wp-json\/wp\/v2\/users\/1"}],"replies":[{"embeddable":true,"href":"https:\/\/sportsunlimited.sg\/de\/wp-json\/wp\/v2\/comments?post=27"}],"version-history":[{"count":15,"href":"https:\/\/sportsunlimited.sg\/de\/wp-json\/wp\/v2\/pages\/27\/revisions"}],"predecessor-version":[{"id":808,"href":"https:\/\/sportsunlimited.sg\/de\/wp-json\/wp\/v2\/pages\/27\/revisions\/808"}],"wp:attachment":[{"href":"https:\/\/sportsunlimited.sg\/de\/wp-json\/wp\/v2\/media?parent=27"}],"curies":[{"name":"wp","href":"https:\/\/api.w.org\/{rel}","templated":true}]}}