{"id":25,"date":"2019-09-10T05:37:02","date_gmt":"2019-09-10T05:37:02","guid":{"rendered":"https:\/\/sportsunlimited.sg\/?page_id=25"},"modified":"2019-11-14T04:40:47","modified_gmt":"2019-11-14T04:40:47","slug":"aerial-highwire-shows","status":"publish","type":"page","link":"https:\/\/sportsunlimited.sg\/de\/aerial-highwire-shows\/","title":{"rendered":"AERIAL HIGHWIRE SHOWS"},"content":{"rendered":"\r\n<h5 class=\"wp-block-heading\" style=\"text-align: center;\">AERIAL SHOW \u2013 AERO ARTISTIC \u2013 AEROLUSION<\/h5>\r\n\r\n\r\n\r\n<p style=\"text-align: center;\">Weltklasse Shows<\/p>\r\n<p style=\"text-align: center;\">Perfekt f\u00fcr Produkt Pr\u00e4sentationen, TV Shows, National Days oder Er\u00f6ffnungsveranstaltungen in z.B. Stadien. Die \u201eMade in Germany\u201c Produktionen werden von einzigartigen High-Tech computergesteuerten Winden unterst\u00fctzt und herausragenden Artisten durchgef\u00fchrt. Unsere Partner (Office Deutschland) Michael Teichmann und Claus von Oertzen, sind die technischen und gestalterischen \u201eK\u00f6pfe\u201c der Shows.<\/p>\r\n<center>\r\n<div style=\"width: 688px;\" class=\"wp-video\"><video class=\"wp-video-shortcode\" id=\"video-25-1\" width=\"688\" height=\"387\" poster=\"https:\/\/sportsunlimited.sg\/wp-content\/uploads\/2019\/09\/Lusion-1.png\" preload=\"metadata\" controls=\"controls\"><source type=\"video\/mp4\" src=\"https:\/\/sportsunlimited.sg\/wp-content\/uploads\/2019\/09\/HIGHLIGHTS-AERIAL-SHOWS.mp4?_=1\" \/><a href=\"https:\/\/sportsunlimited.sg\/wp-content\/uploads\/2019\/09\/HIGHLIGHTS-AERIAL-SHOWS.mp4\">https:\/\/sportsunlimited.sg\/wp-content\/uploads\/2019\/09\/HIGHLIGHTS-AERIAL-SHOWS.mp4<\/a><\/video><\/div>\r\n<\/center>\r\n<div style=\"text-align: center;\">&nbsp;<\/div>\r\n\r\n\r\n\r\n<h4 class=\"wp-block-heading\" style=\"text-align: center;\">AERIAL SHOW<\/h4>\r\n\r\n\r\n\r\n<ul class=\"wp-block-gallery alignwide columns-2 is-cropped wp-block-gallery-1 is-layout-flex wp-block-gallery-is-layout-flex\">\r\n<li class=\"blocks-gallery-item\">\r\n<figure><img loading=\"lazy\" decoding=\"async\" width=\"1024\" height=\"682\" class=\"wp-image-101\" src=\"https:\/\/sportsunlimited.sg\/wp-content\/uploads\/2019\/09\/1_VD_Dubai_fountain-1024x682.jpg\" alt=\"\" data-id=\"101\" data-link=\"https:\/\/sportsunlimited.sg\/1_vd_dubai_fountain\/\" srcset=\"https:\/\/sportsunlimited.sg\/wp-content\/uploads\/2019\/09\/1_VD_Dubai_fountain-1024x682.jpg 1024w, https:\/\/sportsunlimited.sg\/wp-content\/uploads\/2019\/09\/1_VD_Dubai_fountain-300x200.jpg 300w, https:\/\/sportsunlimited.sg\/wp-content\/uploads\/2019\/09\/1_VD_Dubai_fountain-768x512.jpg 768w, https:\/\/sportsunlimited.sg\/wp-content\/uploads\/2019\/09\/1_VD_Dubai_fountain-1600x1066.jpg 1600w\" sizes=\"auto, (max-width: 1024px) 100vw, 1024px\" \/><\/figure>\r\n<\/li>\r\n<li class=\"blocks-gallery-item\">\r\n<figure><img loading=\"lazy\" decoding=\"async\" width=\"1024\" height=\"683\" class=\"wp-image-113\" src=\"https:\/\/sportsunlimited.sg\/wp-content\/uploads\/2019\/09\/1_vertical_drums_Dubai-1024x683.jpg\" alt=\"\" data-id=\"113\" data-link=\"https:\/\/sportsunlimited.sg\/1_vertical_drums_dubai\/\" srcset=\"https:\/\/sportsunlimited.sg\/wp-content\/uploads\/2019\/09\/1_vertical_drums_Dubai-1024x683.jpg 1024w, https:\/\/sportsunlimited.sg\/wp-content\/uploads\/2019\/09\/1_vertical_drums_Dubai-300x200.jpg 300w, https:\/\/sportsunlimited.sg\/wp-content\/uploads\/2019\/09\/1_vertical_drums_Dubai-768x512.jpg 768w, https:\/\/sportsunlimited.sg\/wp-content\/uploads\/2019\/09\/1_vertical_drums_Dubai-1600x1067.jpg 1600w, https:\/\/sportsunlimited.sg\/wp-content\/uploads\/2019\/09\/1_vertical_drums_Dubai.jpg 1995w\" sizes=\"auto, (max-width: 1024px) 100vw, 1024px\" \/><\/figure>\r\n<\/li>\r\n<li class=\"blocks-gallery-item\">\r\n<figure><img loading=\"lazy\" decoding=\"async\" width=\"800\" height=\"882\" class=\"wp-image-183\" src=\"https:\/\/sportsunlimited.sg\/wp-content\/uploads\/2019\/09\/AERIAL-2.png\" alt=\"\" data-id=\"183\" data-link=\"https:\/\/sportsunlimited.sg\/aerial-2\/\" srcset=\"https:\/\/sportsunlimited.sg\/wp-content\/uploads\/2019\/09\/AERIAL-2.png 800w, https:\/\/sportsunlimited.sg\/wp-content\/uploads\/2019\/09\/AERIAL-2-272x300.png 272w, https:\/\/sportsunlimited.sg\/wp-content\/uploads\/2019\/09\/AERIAL-2-768x847.png 768w\" sizes=\"auto, (max-width: 800px) 100vw, 800px\" \/><\/figure>\r\n<\/li>\r\n<li class=\"blocks-gallery-item\">\r\n<figure><img loading=\"lazy\" decoding=\"async\" width=\"1024\" height=\"683\" class=\"wp-image-117\" src=\"https:\/\/sportsunlimited.sg\/wp-content\/uploads\/2019\/09\/1_vertical_drums_Rome-1024x683.jpg\" alt=\"\" data-id=\"117\" data-link=\"https:\/\/sportsunlimited.sg\/1_vertical_drums_rome\/\" srcset=\"https:\/\/sportsunlimited.sg\/wp-content\/uploads\/2019\/09\/1_vertical_drums_Rome-1024x683.jpg 1024w, https:\/\/sportsunlimited.sg\/wp-content\/uploads\/2019\/09\/1_vertical_drums_Rome-300x200.jpg 300w, https:\/\/sportsunlimited.sg\/wp-content\/uploads\/2019\/09\/1_vertical_drums_Rome-768x512.jpg 768w, https:\/\/sportsunlimited.sg\/wp-content\/uploads\/2019\/09\/1_vertical_drums_Rome-1600x1067.jpg 1600w\" sizes=\"auto, (max-width: 1024px) 100vw, 1024px\" \/><\/figure>\r\n<\/li>\r\n<li class=\"blocks-gallery-item\">\r\n<figure><img loading=\"lazy\" decoding=\"async\" width=\"1024\" height=\"683\" class=\"wp-image-119\" src=\"https:\/\/sportsunlimited.sg\/wp-content\/uploads\/2019\/09\/1_vertical_drums_St._P_Burg-1024x683.jpg\" alt=\"\" data-id=\"119\" data-link=\"https:\/\/sportsunlimited.sg\/1_vertical_drums_st-_p_burg\/\" srcset=\"https:\/\/sportsunlimited.sg\/wp-content\/uploads\/2019\/09\/1_vertical_drums_St._P_Burg-1024x683.jpg 1024w, https:\/\/sportsunlimited.sg\/wp-content\/uploads\/2019\/09\/1_vertical_drums_St._P_Burg-300x200.jpg 300w, https:\/\/sportsunlimited.sg\/wp-content\/uploads\/2019\/09\/1_vertical_drums_St._P_Burg-768x512.jpg 768w, https:\/\/sportsunlimited.sg\/wp-content\/uploads\/2019\/09\/1_vertical_drums_St._P_Burg-1600x1067.jpg 1600w\" sizes=\"auto, (max-width: 1024px) 100vw, 1024px\" \/><\/figure>\r\n<\/li>\r\n<li class=\"blocks-gallery-item\">\r\n<figure><img loading=\"lazy\" decoding=\"async\" width=\"1024\" height=\"683\" class=\"wp-image-326\" src=\"https:\/\/sportsunlimited.sg\/wp-content\/uploads\/2019\/09\/1_vertical_drums_Dubai_ND-1-1024x683.jpg\" alt=\"\" data-id=\"326\" data-link=\"https:\/\/sportsunlimited.sg\/aerial-highwire-shows\/1_vertical_drums_dubai_nd-1\/\" srcset=\"https:\/\/sportsunlimited.sg\/wp-content\/uploads\/2019\/09\/1_vertical_drums_Dubai_ND-1-1024x683.jpg 1024w, https:\/\/sportsunlimited.sg\/wp-content\/uploads\/2019\/09\/1_vertical_drums_Dubai_ND-1-300x200.jpg 300w, https:\/\/sportsunlimited.sg\/wp-content\/uploads\/2019\/09\/1_vertical_drums_Dubai_ND-1-768x512.jpg 768w, https:\/\/sportsunlimited.sg\/wp-content\/uploads\/2019\/09\/1_vertical_drums_Dubai_ND-1-1600x1067.jpg 1600w\" sizes=\"auto, (max-width: 1024px) 100vw, 1024px\" \/><\/figure>\r\n<\/li>\r\n<li class=\"blocks-gallery-item\">\r\n<figure><img loading=\"lazy\" decoding=\"async\" width=\"1024\" height=\"683\" class=\"wp-image-109\" src=\"https:\/\/sportsunlimited.sg\/wp-content\/uploads\/2019\/09\/1_vertical_drums_Dubai_EWB-1024x683.jpg\" alt=\"\" data-id=\"109\" data-link=\"https:\/\/sportsunlimited.sg\/1_vertical_drums_dubai_ewb\/\" srcset=\"https:\/\/sportsunlimited.sg\/wp-content\/uploads\/2019\/09\/1_vertical_drums_Dubai_EWB-1024x683.jpg 1024w, https:\/\/sportsunlimited.sg\/wp-content\/uploads\/2019\/09\/1_vertical_drums_Dubai_EWB-300x200.jpg 300w, https:\/\/sportsunlimited.sg\/wp-content\/uploads\/2019\/09\/1_vertical_drums_Dubai_EWB-768x512.jpg 768w, https:\/\/sportsunlimited.sg\/wp-content\/uploads\/2019\/09\/1_vertical_drums_Dubai_EWB-1600x1067.jpg 1600w\" sizes=\"auto, (max-width: 1024px) 100vw, 1024px\" \/><\/figure>\r\n<\/li>\r\n<\/ul>\r\n\r\n\r\n\r\n<p style=\"text-align: center;\">&nbsp;<\/p>\r\n<hr class=\"wp-block-separator\">\r\n<h4 style=\"text-align: center;\">AEROLUSION &#8211; A WORLD CLASS MAPPING SHOW<\/h4>\r\n<p><!--more--><\/p>\r\n<p><!--more--><\/p>\r\n\r\n\r\n\r\n<ul class=\"wp-block-gallery alignwide columns-2 is-cropped wp-block-gallery-2 is-layout-flex wp-block-gallery-is-layout-flex\">\r\n<li class=\"blocks-gallery-item\">\r\n<figure><img loading=\"lazy\" decoding=\"async\" width=\"1024\" height=\"683\" class=\"wp-image-125\" src=\"https:\/\/sportsunlimited.sg\/wp-content\/uploads\/2019\/09\/2_aerolusion_BAUMA-1024x683.jpg\" alt=\"\" data-id=\"125\" data-link=\"https:\/\/sportsunlimited.sg\/2_aerolusion_bauma\/\" srcset=\"https:\/\/sportsunlimited.sg\/wp-content\/uploads\/2019\/09\/2_aerolusion_BAUMA-1024x683.jpg 1024w, https:\/\/sportsunlimited.sg\/wp-content\/uploads\/2019\/09\/2_aerolusion_BAUMA-300x200.jpg 300w, https:\/\/sportsunlimited.sg\/wp-content\/uploads\/2019\/09\/2_aerolusion_BAUMA-768x512.jpg 768w, https:\/\/sportsunlimited.sg\/wp-content\/uploads\/2019\/09\/2_aerolusion_BAUMA-1600x1067.jpg 1600w\" sizes=\"auto, (max-width: 1024px) 100vw, 1024px\" \/><\/figure>\r\n<\/li>\r\n<li class=\"blocks-gallery-item\">\r\n<figure><img loading=\"lazy\" decoding=\"async\" width=\"1024\" height=\"683\" class=\"wp-image-126\" src=\"https:\/\/sportsunlimited.sg\/wp-content\/uploads\/2019\/09\/2_aerolusion_spot-1024x683.jpg\" alt=\"\" data-id=\"126\" data-link=\"https:\/\/sportsunlimited.sg\/2_aerolusion_spot\/\" srcset=\"https:\/\/sportsunlimited.sg\/wp-content\/uploads\/2019\/09\/2_aerolusion_spot-1024x683.jpg 1024w, https:\/\/sportsunlimited.sg\/wp-content\/uploads\/2019\/09\/2_aerolusion_spot-300x200.jpg 300w, https:\/\/sportsunlimited.sg\/wp-content\/uploads\/2019\/09\/2_aerolusion_spot-768x512.jpg 768w, https:\/\/sportsunlimited.sg\/wp-content\/uploads\/2019\/09\/2_aerolusion_spot-1600x1067.jpg 1600w\" sizes=\"auto, (max-width: 1024px) 100vw, 1024px\" \/><\/figure>\r\n<\/li>\r\n<li class=\"blocks-gallery-item\">\r\n<figure><img loading=\"lazy\" decoding=\"async\" width=\"1024\" height=\"683\" class=\"wp-image-127\" src=\"https:\/\/sportsunlimited.sg\/wp-content\/uploads\/2019\/09\/2_aerolusion_VW_Golf7_mapping-1024x683.jpg\" alt=\"\" data-id=\"127\" data-link=\"https:\/\/sportsunlimited.sg\/2_aerolusion_vw_golf7_mapping\/\" srcset=\"https:\/\/sportsunlimited.sg\/wp-content\/uploads\/2019\/09\/2_aerolusion_VW_Golf7_mapping-1024x683.jpg 1024w, https:\/\/sportsunlimited.sg\/wp-content\/uploads\/2019\/09\/2_aerolusion_VW_Golf7_mapping-300x200.jpg 300w, https:\/\/sportsunlimited.sg\/wp-content\/uploads\/2019\/09\/2_aerolusion_VW_Golf7_mapping-768x512.jpg 768w, https:\/\/sportsunlimited.sg\/wp-content\/uploads\/2019\/09\/2_aerolusion_VW_Golf7_mapping-1600x1067.jpg 1600w\" sizes=\"auto, (max-width: 1024px) 100vw, 1024px\" \/><\/figure>\r\n<\/li>\r\n<li class=\"blocks-gallery-item\">\r\n<figure><img loading=\"lazy\" decoding=\"async\" width=\"1024\" height=\"683\" class=\"wp-image-128\" src=\"https:\/\/sportsunlimited.sg\/wp-content\/uploads\/2019\/09\/2_aerolusion_VW_Golf7-1024x683.jpg\" alt=\"\" data-id=\"128\" data-link=\"https:\/\/sportsunlimited.sg\/2_aerolusion_vw_golf7\/\" srcset=\"https:\/\/sportsunlimited.sg\/wp-content\/uploads\/2019\/09\/2_aerolusion_VW_Golf7-1024x683.jpg 1024w, https:\/\/sportsunlimited.sg\/wp-content\/uploads\/2019\/09\/2_aerolusion_VW_Golf7-300x200.jpg 300w, https:\/\/sportsunlimited.sg\/wp-content\/uploads\/2019\/09\/2_aerolusion_VW_Golf7-768x512.jpg 768w, https:\/\/sportsunlimited.sg\/wp-content\/uploads\/2019\/09\/2_aerolusion_VW_Golf7-1600x1067.jpg 1600w\" sizes=\"auto, (max-width: 1024px) 100vw, 1024px\" \/><\/figure>\r\n<\/li>\r\n<li class=\"blocks-gallery-item\">\r\n<figure><img loading=\"lazy\" decoding=\"async\" width=\"1024\" height=\"683\" class=\"wp-image-131\" src=\"https:\/\/sportsunlimited.sg\/wp-content\/uploads\/2019\/09\/2_aerolusion_ZG_artists-1024x683.jpg\" alt=\"\" data-id=\"131\" data-link=\"https:\/\/sportsunlimited.sg\/2_aerolusion_zg_artists\/\" srcset=\"https:\/\/sportsunlimited.sg\/wp-content\/uploads\/2019\/09\/2_aerolusion_ZG_artists-1024x683.jpg 1024w, https:\/\/sportsunlimited.sg\/wp-content\/uploads\/2019\/09\/2_aerolusion_ZG_artists-300x200.jpg 300w, https:\/\/sportsunlimited.sg\/wp-content\/uploads\/2019\/09\/2_aerolusion_ZG_artists-768x512.jpg 768w, https:\/\/sportsunlimited.sg\/wp-content\/uploads\/2019\/09\/2_aerolusion_ZG_artists-1600x1067.jpg 1600w\" sizes=\"auto, (max-width: 1024px) 100vw, 1024px\" \/><\/figure>\r\n<\/li>\r\n<li class=\"blocks-gallery-item\">\r\n<figure><img loading=\"lazy\" decoding=\"async\" width=\"1024\" height=\"612\" class=\"wp-image-226\" src=\"https:\/\/sportsunlimited.sg\/wp-content\/uploads\/2019\/09\/lusion3-1024x612.png\" alt=\"\" data-id=\"226\" data-link=\"https:\/\/sportsunlimited.sg\/lusion3\/\" srcset=\"https:\/\/sportsunlimited.sg\/wp-content\/uploads\/2019\/09\/lusion3-1024x612.png 1024w, https:\/\/sportsunlimited.sg\/wp-content\/uploads\/2019\/09\/lusion3-300x179.png 300w, https:\/\/sportsunlimited.sg\/wp-content\/uploads\/2019\/09\/lusion3-768x459.png 768w, https:\/\/sportsunlimited.sg\/wp-content\/uploads\/2019\/09\/lusion3.png 1285w\" sizes=\"auto, (max-width: 1024px) 100vw, 1024px\" \/><\/figure>\r\n<\/li>\r\n<li class=\"blocks-gallery-item\">\r\n<figure><img loading=\"lazy\" decoding=\"async\" width=\"1024\" height=\"575\" class=\"wp-image-225\" src=\"https:\/\/sportsunlimited.sg\/wp-content\/uploads\/2019\/09\/Lusion-1024x575.png\" alt=\"\" data-id=\"225\" data-link=\"https:\/\/sportsunlimited.sg\/lusion\/\" srcset=\"https:\/\/sportsunlimited.sg\/wp-content\/uploads\/2019\/09\/Lusion-1024x575.png 1024w, https:\/\/sportsunlimited.sg\/wp-content\/uploads\/2019\/09\/Lusion-300x168.png 300w, https:\/\/sportsunlimited.sg\/wp-content\/uploads\/2019\/09\/Lusion-768x431.png 768w, https:\/\/sportsunlimited.sg\/wp-content\/uploads\/2019\/09\/Lusion.png 1174w\" sizes=\"auto, (max-width: 1024px) 100vw, 1024px\" \/><\/figure>\r\n<\/li>\r\n<li class=\"blocks-gallery-item\">\r\n<figure><img loading=\"lazy\" decoding=\"async\" width=\"570\" height=\"302\" class=\"wp-image-227\" src=\"https:\/\/sportsunlimited.sg\/wp-content\/uploads\/2019\/09\/lusion4.png\" alt=\"\" data-id=\"227\" data-link=\"https:\/\/sportsunlimited.sg\/lusion4\/\" srcset=\"https:\/\/sportsunlimited.sg\/wp-content\/uploads\/2019\/09\/lusion4.png 570w, https:\/\/sportsunlimited.sg\/wp-content\/uploads\/2019\/09\/lusion4-300x159.png 300w\" sizes=\"auto, (max-width: 570px) 100vw, 570px\" \/><\/figure>\r\n<\/li>\r\n<\/ul>\r\n\r\n\r\n<hr class=\"wp-block-separator\">\r\n\r\n\r\n<h6 style=\"text-align: center;\">Einige unserer Referenzen&#8230;<\/h6>\r\n<p style=\"text-align: center;\">Helene Fischer Show, Esprit, Goodyear, Mercedes Benz, Audi, Lamborghini, Reebok, Hilton Hotels, Shangri-La, DHL, Airbus, Porsche, Telekom, Lufthansa, Vodafone, Warsteiner, National Day Dubai, Afrika Cup Angola, Mittelmeerspiele T\u00fcrkei, Fussball WM Opening Allianz Arena, Champions League Finale Paris etc&#8230;<\/p>\r\n\r\n\r\n<hr class=\"wp-block-separator\">\r\n\r\n\r\n<h4 class=\"wp-block-heading\" style=\"text-align: center;\">AERO ARTISTIC<\/h4>\r\n\r\n\r\n\r\n<ul class=\"wp-block-gallery alignwide columns-3 is-cropped wp-block-gallery-3 is-layout-flex wp-block-gallery-is-layout-flex\">\r\n<li class=\"blocks-gallery-item\">\r\n<figure><img loading=\"lazy\" decoding=\"async\" width=\"1024\" height=\"768\" class=\"wp-image-138\" src=\"https:\/\/sportsunlimited.sg\/wp-content\/uploads\/2019\/09\/3_aeroart_mast_system-1024x768.jpg\" alt=\"\" data-id=\"138\" data-link=\"https:\/\/sportsunlimited.sg\/3_aeroart_mast_system\/\" srcset=\"https:\/\/sportsunlimited.sg\/wp-content\/uploads\/2019\/09\/3_aeroart_mast_system-1024x768.jpg 1024w, https:\/\/sportsunlimited.sg\/wp-content\/uploads\/2019\/09\/3_aeroart_mast_system-300x225.jpg 300w, https:\/\/sportsunlimited.sg\/wp-content\/uploads\/2019\/09\/3_aeroart_mast_system-768x576.jpg 768w, https:\/\/sportsunlimited.sg\/wp-content\/uploads\/2019\/09\/3_aeroart_mast_system-1600x1200.jpg 1600w\" sizes=\"auto, (max-width: 1024px) 100vw, 1024px\" \/><\/figure>\r\n<\/li>\r\n<li class=\"blocks-gallery-item\">\r\n<figure><img loading=\"lazy\" decoding=\"async\" width=\"326\" height=\"392\" class=\"wp-image-191\" src=\"https:\/\/sportsunlimited.sg\/wp-content\/uploads\/2019\/09\/art2.png\" alt=\"\" data-id=\"191\" data-link=\"https:\/\/sportsunlimited.sg\/art2\/\" srcset=\"https:\/\/sportsunlimited.sg\/wp-content\/uploads\/2019\/09\/art2.png 326w, https:\/\/sportsunlimited.sg\/wp-content\/uploads\/2019\/09\/art2-249x300.png 249w\" sizes=\"auto, (max-width: 326px) 100vw, 326px\" \/><\/figure>\r\n<\/li>\r\n<li class=\"blocks-gallery-item\">\r\n<figure><img loading=\"lazy\" decoding=\"async\" width=\"1024\" height=\"683\" class=\"wp-image-142\" src=\"https:\/\/sportsunlimited.sg\/wp-content\/uploads\/2019\/09\/3_aeroart_parchuting_Dubai-1024x683.jpg\" alt=\"\" data-id=\"142\" data-link=\"https:\/\/sportsunlimited.sg\/3_aeroart_parchuting_dubai\/\" srcset=\"https:\/\/sportsunlimited.sg\/wp-content\/uploads\/2019\/09\/3_aeroart_parchuting_Dubai-1024x683.jpg 1024w, https:\/\/sportsunlimited.sg\/wp-content\/uploads\/2019\/09\/3_aeroart_parchuting_Dubai-300x200.jpg 300w, https:\/\/sportsunlimited.sg\/wp-content\/uploads\/2019\/09\/3_aeroart_parchuting_Dubai-768x512.jpg 768w, https:\/\/sportsunlimited.sg\/wp-content\/uploads\/2019\/09\/3_aeroart_parchuting_Dubai-1600x1067.jpg 1600w\" sizes=\"auto, (max-width: 1024px) 100vw, 1024px\" \/><\/figure>\r\n<\/li>\r\n<li class=\"blocks-gallery-item\">\r\n<figure><img loading=\"lazy\" decoding=\"async\" width=\"1024\" height=\"503\" class=\"wp-image-192\" src=\"https:\/\/sportsunlimited.sg\/wp-content\/uploads\/2019\/09\/art3-1024x503.png\" alt=\"\" data-id=\"192\" data-link=\"https:\/\/sportsunlimited.sg\/art3\/\" srcset=\"https:\/\/sportsunlimited.sg\/wp-content\/uploads\/2019\/09\/art3-1024x503.png 1024w, https:\/\/sportsunlimited.sg\/wp-content\/uploads\/2019\/09\/art3-300x147.png 300w, https:\/\/sportsunlimited.sg\/wp-content\/uploads\/2019\/09\/art3-768x377.png 768w, https:\/\/sportsunlimited.sg\/wp-content\/uploads\/2019\/09\/art3.png 1200w\" sizes=\"auto, (max-width: 1024px) 100vw, 1024px\" \/><\/figure>\r\n<\/li>\r\n<li class=\"blocks-gallery-item\">\r\n<figure><img loading=\"lazy\" decoding=\"async\" width=\"1024\" height=\"768\" class=\"wp-image-139\" src=\"https:\/\/sportsunlimited.sg\/wp-content\/uploads\/2019\/09\/3_aeroart_mastsystem-1024x768.jpg\" alt=\"\" data-id=\"139\" data-link=\"https:\/\/sportsunlimited.sg\/3_aeroart_mastsystem\/\" srcset=\"https:\/\/sportsunlimited.sg\/wp-content\/uploads\/2019\/09\/3_aeroart_mastsystem-1024x768.jpg 1024w, https:\/\/sportsunlimited.sg\/wp-content\/uploads\/2019\/09\/3_aeroart_mastsystem-300x225.jpg 300w, https:\/\/sportsunlimited.sg\/wp-content\/uploads\/2019\/09\/3_aeroart_mastsystem-768x576.jpg 768w, https:\/\/sportsunlimited.sg\/wp-content\/uploads\/2019\/09\/3_aeroart_mastsystem-1600x1200.jpg 1600w\" sizes=\"auto, (max-width: 1024px) 100vw, 1024px\" \/><\/figure>\r\n<\/li>\r\n<\/ul>\r\n\r\n\r\n<hr class=\"wp-block-separator is-style-wide\">\r\n\r\n\r\n<h4 class=\"wp-block-heading\" style=\"text-align: center;\"><strong>SPEKTAKUL\u00c4R UND EINZIGARTIG<\/strong><\/h4>\r\n","protected":false},"excerpt":{"rendered":"<p>AERIAL SHOW \u2013 AERO ARTISTIC \u2013 AEROLUSION Spectacular opening ceremonies, outstanding revelations of buildings\/towers\/stadiums incl. an incredible high-wire show, performed&hellip;<\/p>\n","protected":false},"author":1,"featured_media":0,"parent":0,"menu_order":0,"comment_status":"closed","ping_status":"closed","template":"","meta":{"ngg_post_thumbnail":0,"_kadence_starter_templates_imported_post":false,"_vp_format_video_url":"","_vp_image_focal_point":[],"footnotes":""},"class_list":["post-25","page","type-page","status-publish","hentry"],"translation":{"provider":"WPGlobus","version":"3.0.2","language":"de","enabled_languages":["en","de","zh","ja"],"languages":{"en":{"title":true,"content":true,"excerpt":false},"de":{"title":true,"content":true,"excerpt":false},"zh":{"title":true,"content":true,"excerpt":false},"ja":{"title":true,"content":true,"excerpt":false}}},"_links":{"self":[{"href":"https:\/\/sportsunlimited.sg\/de\/wp-json\/wp\/v2\/pages\/25","targetHints":{"allow":["GET"]}}],"collection":[{"href":"https:\/\/sportsunlimited.sg\/de\/wp-json\/wp\/v2\/pages"}],"about":[{"href":"https:\/\/sportsunlimited.sg\/de\/wp-json\/wp\/v2\/types\/page"}],"author":[{"embeddable":true,"href":"https:\/\/sportsunlimited.sg\/de\/wp-json\/wp\/v2\/users\/1"}],"replies":[{"embeddable":true,"href":"https:\/\/sportsunlimited.sg\/de\/wp-json\/wp\/v2\/comments?post=25"}],"version-history":[{"count":24,"href":"https:\/\/sportsunlimited.sg\/de\/wp-json\/wp\/v2\/pages\/25\/revisions"}],"predecessor-version":[{"id":813,"href":"https:\/\/sportsunlimited.sg\/de\/wp-json\/wp\/v2\/pages\/25\/revisions\/813"}],"wp:attachment":[{"href":"https:\/\/sportsunlimited.sg\/de\/wp-json\/wp\/v2\/media?parent=25"}],"curies":[{"name":"wp","href":"https:\/\/api.w.org\/{rel}","templated":true}]}}