{"id":23,"date":"2019-09-10T05:36:09","date_gmt":"2019-09-10T05:36:09","guid":{"rendered":"https:\/\/sportsunlimited.sg\/?page_id=23"},"modified":"2019-11-14T04:23:51","modified_gmt":"2019-11-14T04:23:51","slug":"skywalk-x","status":"publish","type":"page","link":"https:\/\/sportsunlimited.sg\/de\/skywalk-x\/","title":{"rendered":"SKYWALK X"},"content":{"rendered":"\r\n<p style=\"text-align: center;\"><img loading=\"lazy\" decoding=\"async\" class=\"aligncenter wp-image-800 size-large\" src=\"https:\/\/sportsunlimited.sg\/wp-content\/uploads\/2019\/11\/22-MB-SU-Skywalk-sep19-1024x688.jpg\" alt=\"\" width=\"688\" height=\"462\" srcset=\"https:\/\/sportsunlimited.sg\/wp-content\/uploads\/2019\/11\/22-MB-SU-Skywalk-sep19-1024x688.jpg 1024w, https:\/\/sportsunlimited.sg\/wp-content\/uploads\/2019\/11\/22-MB-SU-Skywalk-sep19-300x202.jpg 300w, https:\/\/sportsunlimited.sg\/wp-content\/uploads\/2019\/11\/22-MB-SU-Skywalk-sep19-768x516.jpg 768w, https:\/\/sportsunlimited.sg\/wp-content\/uploads\/2019\/11\/22-MB-SU-Skywalk-sep19-500x336.jpg 500w, https:\/\/sportsunlimited.sg\/wp-content\/uploads\/2019\/11\/22-MB-SU-Skywalk-sep19-800x537.jpg 800w, https:\/\/sportsunlimited.sg\/wp-content\/uploads\/2019\/11\/22-MB-SU-Skywalk-sep19-1280x860.jpg 1280w, https:\/\/sportsunlimited.sg\/wp-content\/uploads\/2019\/11\/22-MB-SU-Skywalk-sep19-1920x1290.jpg 1920w, https:\/\/sportsunlimited.sg\/wp-content\/uploads\/2019\/11\/22-MB-SU-Skywalk-sep19-1536x1032.jpg 1536w, https:\/\/sportsunlimited.sg\/wp-content\/uploads\/2019\/11\/22-MB-SU-Skywalk-sep19-2048x1376.jpg 2048w, https:\/\/sportsunlimited.sg\/wp-content\/uploads\/2019\/11\/22-MB-SU-Skywalk-sep19-1600x1075.jpg 1600w\" sizes=\"auto, (max-width: 688px) 100vw, 688px\" \/><\/p>\r\n<p style=\"text-align: center;\">Hierbei umrundet der Teilnehmer ein Geb\u00e4ude\/Turm auf einem schmalen Pfad. Man bewegt sich auf einen speziell konstruierten Weg, wobei der Teilnehmer mittels Gurt an einer Schiene \u00fcber dem Kopf gesichert ist.<\/p>\r\n<p style=\"text-align: center;\"><u>Wir unterscheiden uns<\/u> von bereits existierenden Skywalks durch die Entwicklung einer ma\u00dfgeblichen Sicherungskomponente (welche bereits als Patent angemeldet wurde). Das neue System ist revolution\u00e4r und erh\u00f6ht die Sicherheit auf 100%. Des weiteren bieten wir neue Konzepte an, die den Erlebnisfaktor eines Skywalks dramatisch steigern. &nbsp;<\/p>\r\n\r\n\r\n<hr class=\"wp-block-separator is-style-wide\">\r\n\r\n\r\n<h4 class=\"wp-block-heading\" style=\"text-align: center;\">Skywalk X, ein ultimatives Erlebnis f\u00fcr jedermann.<\/h4>\r\n<p style=\"text-align: center;\">&nbsp;<\/p>\r\n","protected":false},"excerpt":{"rendered":"<p>Hierbei umrundet der Teilnehmer ein Geb\u00e4ude\/Turm auf einem schmalen Pfad. Man bewegt sich auf einen speziell konstruierten Weg, wobei der&hellip;<\/p>\n","protected":false},"author":1,"featured_media":0,"parent":0,"menu_order":0,"comment_status":"closed","ping_status":"closed","template":"","meta":{"ngg_post_thumbnail":0,"_kadence_starter_templates_imported_post":false,"_vp_format_video_url":"","_vp_image_focal_point":[],"footnotes":""},"class_list":["post-23","page","type-page","status-publish","hentry"],"translation":{"provider":"WPGlobus","version":"3.0.2","language":"de","enabled_languages":["en","de","zh","ja"],"languages":{"en":{"title":true,"content":true,"excerpt":false},"de":{"title":true,"content":true,"excerpt":false},"zh":{"title":true,"content":true,"excerpt":false},"ja":{"title":true,"content":true,"excerpt":false}}},"_links":{"self":[{"href":"https:\/\/sportsunlimited.sg\/de\/wp-json\/wp\/v2\/pages\/23","targetHints":{"allow":["GET"]}}],"collection":[{"href":"https:\/\/sportsunlimited.sg\/de\/wp-json\/wp\/v2\/pages"}],"about":[{"href":"https:\/\/sportsunlimited.sg\/de\/wp-json\/wp\/v2\/types\/page"}],"author":[{"embeddable":true,"href":"https:\/\/sportsunlimited.sg\/de\/wp-json\/wp\/v2\/users\/1"}],"replies":[{"embeddable":true,"href":"https:\/\/sportsunlimited.sg\/de\/wp-json\/wp\/v2\/comments?post=23"}],"version-history":[{"count":12,"href":"https:\/\/sportsunlimited.sg\/de\/wp-json\/wp\/v2\/pages\/23\/revisions"}],"predecessor-version":[{"id":801,"href":"https:\/\/sportsunlimited.sg\/de\/wp-json\/wp\/v2\/pages\/23\/revisions\/801"}],"wp:attachment":[{"href":"https:\/\/sportsunlimited.sg\/de\/wp-json\/wp\/v2\/media?parent=23"}],"curies":[{"name":"wp","href":"https:\/\/api.w.org\/{rel}","templated":true}]}}