{"id":21,"date":"2019-09-10T06:04:16","date_gmt":"2019-09-10T06:04:16","guid":{"rendered":"https:\/\/sportsunlimited.sg\/?page_id=21"},"modified":"2019-11-14T04:27:45","modified_gmt":"2019-11-14T04:27:45","slug":"skyjump-x","status":"publish","type":"page","link":"https:\/\/sportsunlimited.sg\/de\/skyjump-x\/","title":{"rendered":"SKYJUMP X"},"content":{"rendered":"\r\n<h4 class=\"wp-block-heading\" style=\"text-align: center;\"><strong>German high wire technology&nbsp;<\/strong><\/h4>\r\n\r\n\r\n\r\n<p style=\"text-align: center;\">Zum Einsatz kommt die schnellste&nbsp; computergesteuerte Personenwinde der Welt. Der Kunde hat die Wahl zwischen 3 Geschwindigkeitsstufen. H\u00f6hen bis zu 800m sind rein technisch m\u00f6glich! Das Hauptsystem&nbsp; befindet sich am Boden, dadurch er\u00f6ffnen sich neue M\u00f6glichkeiten. Geb\u00e4ude\/T\u00fcrme die den statischen Anforderungen nicht gerecht werden k\u00f6nnen oder bei welchen der Zugang zum Dach nicht m\u00f6glich ist, k\u00f6nnen jetzt trotzdem einen Skyjump X einrichten. Zum einen befindet sich die schwere Hauptunit am Boden und zum anderen k\u00f6nnen der Start und das Ende vom Boden erfolgen. Im Notfall kann der Skyjump X auch als ein Evakuierungsger\u00e4t zum Einsatz kommen.<\/p>\r\n\r\n\r\n\r\n\r\n\r\n<ul class=\"wp-block-gallery alignwide columns-3 is-cropped\">\r\n<li class=\"blocks-gallery-item\">\r\n<figure><img loading=\"lazy\" decoding=\"async\" width=\"513\" height=\"507\" class=\"wp-image-256\" src=\"https:\/\/sportsunlimited.sg\/wp-content\/uploads\/2019\/09\/Skyjump2.png\" alt=\"\" data-id=\"256\" data-link=\"https:\/\/sportsunlimited.sg\/skyjump2\/\" srcset=\"https:\/\/sportsunlimited.sg\/wp-content\/uploads\/2019\/09\/Skyjump2.png 513w, https:\/\/sportsunlimited.sg\/wp-content\/uploads\/2019\/09\/Skyjump2-300x296.png 300w\" sizes=\"auto, (max-width: 513px) 100vw, 513px\" \/><\/figure>\r\n<\/li>\r\n<li class=\"blocks-gallery-item\">\r\n<figure><img loading=\"lazy\" decoding=\"async\" width=\"785\" height=\"576\" class=\"wp-image-257\" src=\"https:\/\/sportsunlimited.sg\/wp-content\/uploads\/2019\/09\/Skyjump4.png\" alt=\"\" data-id=\"257\" data-link=\"https:\/\/sportsunlimited.sg\/skyjump4\/\" srcset=\"https:\/\/sportsunlimited.sg\/wp-content\/uploads\/2019\/09\/Skyjump4.png 785w, https:\/\/sportsunlimited.sg\/wp-content\/uploads\/2019\/09\/Skyjump4-300x220.png 300w, https:\/\/sportsunlimited.sg\/wp-content\/uploads\/2019\/09\/Skyjump4-768x564.png 768w\" sizes=\"auto, (max-width: 785px) 100vw, 785px\" \/><\/figure>\r\n<\/li>\r\n<li class=\"blocks-gallery-item\">\r\n<figure><img loading=\"lazy\" decoding=\"async\" width=\"1024\" height=\"620\" class=\"wp-image-255\" src=\"https:\/\/sportsunlimited.sg\/wp-content\/uploads\/2019\/09\/Skyjump-1-1024x620.png\" alt=\"\" data-id=\"255\" data-link=\"https:\/\/sportsunlimited.sg\/skyjump-1\/\" srcset=\"https:\/\/sportsunlimited.sg\/wp-content\/uploads\/2019\/09\/Skyjump-1-1024x620.png 1024w, https:\/\/sportsunlimited.sg\/wp-content\/uploads\/2019\/09\/Skyjump-1-300x182.png 300w, https:\/\/sportsunlimited.sg\/wp-content\/uploads\/2019\/09\/Skyjump-1-768x465.png 768w, https:\/\/sportsunlimited.sg\/wp-content\/uploads\/2019\/09\/Skyjump-1.png 1174w\" sizes=\"auto, (max-width: 1024px) 100vw, 1024px\" \/><\/figure>\r\n<\/li>\r\n<\/ul>\r\n\r\n\r\n<hr class=\"wp-block-separator is-style-wide\">\r\n\r\n\r\n<h4 class=\"wp-block-heading\" style=\"text-align: center;\">MADE IN GERMANY<\/h4>\r\n","protected":false},"excerpt":{"rendered":"<p>German high wire technology&nbsp; Zum Einsatz kommt die schnellste&nbsp; computergesteuerte Personenwinde der Welt. Der Kunde hat die Wahl zwischen 3&hellip;<\/p>\n","protected":false},"author":1,"featured_media":0,"parent":0,"menu_order":0,"comment_status":"closed","ping_status":"closed","template":"","meta":{"ngg_post_thumbnail":0,"_kadence_starter_templates_imported_post":false,"_vp_format_video_url":"","_vp_image_focal_point":[],"footnotes":""},"class_list":["post-21","page","type-page","status-publish","hentry"],"translation":{"provider":"WPGlobus","version":"3.0.2","language":"de","enabled_languages":["en","de","zh","ja"],"languages":{"en":{"title":true,"content":true,"excerpt":false},"de":{"title":true,"content":true,"excerpt":false},"zh":{"title":true,"content":true,"excerpt":false},"ja":{"title":true,"content":true,"excerpt":false}}},"_links":{"self":[{"href":"https:\/\/sportsunlimited.sg\/de\/wp-json\/wp\/v2\/pages\/21","targetHints":{"allow":["GET"]}}],"collection":[{"href":"https:\/\/sportsunlimited.sg\/de\/wp-json\/wp\/v2\/pages"}],"about":[{"href":"https:\/\/sportsunlimited.sg\/de\/wp-json\/wp\/v2\/types\/page"}],"author":[{"embeddable":true,"href":"https:\/\/sportsunlimited.sg\/de\/wp-json\/wp\/v2\/users\/1"}],"replies":[{"embeddable":true,"href":"https:\/\/sportsunlimited.sg\/de\/wp-json\/wp\/v2\/comments?post=21"}],"version-history":[{"count":13,"href":"https:\/\/sportsunlimited.sg\/de\/wp-json\/wp\/v2\/pages\/21\/revisions"}],"predecessor-version":[{"id":803,"href":"https:\/\/sportsunlimited.sg\/de\/wp-json\/wp\/v2\/pages\/21\/revisions\/803"}],"wp:attachment":[{"href":"https:\/\/sportsunlimited.sg\/de\/wp-json\/wp\/v2\/media?parent=21"}],"curies":[{"name":"wp","href":"https:\/\/api.w.org\/{rel}","templated":true}]}}